{"id":92,"date":"2018-05-24T16:24:44","date_gmt":"2018-05-24T14:24:44","guid":{"rendered":"http:\/\/www.praxis-schwiese.de\/website\/?page_id=92"},"modified":"2019-10-05T18:36:46","modified_gmt":"2019-10-05T16:36:46","slug":"pricktest","status":"publish","type":"page","link":"http:\/\/www.praxis-schwiese.de\/website\/leistungen\/allergietests\/pricktest\/","title":{"rendered":"Pricktest"},"content":{"rendered":"<p>Hierbei wird jeweils ein Tropfen einer allergenen L\u00f6sung, die von der Industrie hergestellt wird, auf den Unterarm getropft. Anschlie\u00dfend wird die Spitze einer kleinen Lanzette durch den Tropfen in die oberfl\u00e4chliche Schicht der Haut gebracht.<\/p>\n<p>In der Regel werden verschiedene Inhalationsallergene (u.a. fr\u00fchbl\u00fchende B\u00e4ume wie Hasel, Erle, Birke, aber auch Gr\u00e4ser, Hausstaubmilben, bestimmte Schimmelpilze) getestet. Der Test kann aber noch durch weitere Allergene, die m\u00f6glicherweise als krankheitsausl\u00f6send betrachtet werden, erg\u00e4nzt werden.<\/p>\n<p>Eine Woche vorher sollte allerdings m\u00f6glichst die Einnahme von \u201eAllergietabletten\u201c, meist Antihistaminika, pausiert werden. Falsche Ergebnisse k\u00f6nnen dadurch vermieden werden.<\/p>\n","protected":false},"excerpt":{"rendered":"<p>Hierbei wird jeweils ein Tropfen einer allergenen L\u00f6sung, die von der Industrie hergestellt wird, auf den Unterarm getropft. Anschlie\u00dfend wird die Spitze einer kleinen Lanzette durch den Tropfen in die oberfl\u00e4chliche Schicht der Haut gebracht. In der Regel werden verschiedene Inhalationsallergene (u.a. fr\u00fchbl\u00fchende B\u00e4ume wie Hasel, Erle, Birke, aber auch Gr\u00e4ser, Hausstaubmilben, bestimmte Schimmelpilze) getestet. &hellip;<\/p>\n<p class=\"read-more\"> <a class=\"\" href=\"http:\/\/www.praxis-schwiese.de\/website\/leistungen\/allergietests\/pricktest\/\"> <span class=\"screen-reader-text\">Pricktest<\/span> Weiterlesen &raquo;<\/a><\/p>\n","protected":false},"author":1,"featured_media":0,"parent":90,"menu_order":0,"comment_status":"closed","ping_status":"closed","template":"","meta":{"site-sidebar-layout":"default","site-content-layout":"default","ast-global-header-display":"","ast-main-header-display":"","ast-hfb-above-header-display":"","ast-hfb-below-header-display":"","ast-hfb-mobile-header-display":"","site-post-title":"","ast-breadcrumbs-content":"","ast-featured-img":"","footer-sml-layout":"","theme-transparent-header-meta":"","adv-header-id-meta":"","stick-header-meta":"","header-above-stick-meta":"","header-main-stick-meta":"","header-below-stick-meta":"","footnotes":""},"categories":[5],"tags":[],"class_list":["post-92","page","type-page","status-publish","hentry","category-leistungen"],"yoast_head":"<!-- This site is optimized with the Yoast SEO plugin v19.7.1 - https:\/\/yoast.com\/wordpress\/plugins\/seo\/ -->\n<title>Pricktest - Praxis Dr. med. J\u00fcrgen Schwiese<\/title>\n<meta name=\"robots\" content=\"index, follow, max-snippet:-1, max-image-preview:large, max-video-preview:-1\" \/>\n<link rel=\"canonical\" href=\"http:\/\/www.praxis-schwiese.de\/website\/leistungen\/allergietests\/pricktest\/\" \/>\n<meta property=\"og:locale\" content=\"de_DE\" \/>\n<meta property=\"og:type\" content=\"article\" \/>\n<meta property=\"og:title\" content=\"Pricktest - Praxis Dr. med. J\u00fcrgen Schwiese\" \/>\n<meta property=\"og:description\" content=\"Hierbei wird jeweils ein Tropfen einer allergenen L\u00f6sung, die von der Industrie hergestellt wird, auf den Unterarm getropft. Anschlie\u00dfend wird die Spitze einer kleinen Lanzette durch den Tropfen in die oberfl\u00e4chliche Schicht der Haut gebracht. In der Regel werden verschiedene Inhalationsallergene (u.a. fr\u00fchbl\u00fchende B\u00e4ume wie Hasel, Erle, Birke, aber auch Gr\u00e4ser, Hausstaubmilben, bestimmte Schimmelpilze) getestet. &hellip; Pricktest Weiterlesen &raquo;\" \/>\n<meta property=\"og:url\" content=\"http:\/\/www.praxis-schwiese.de\/website\/leistungen\/allergietests\/pricktest\/\" \/>\n<meta property=\"og:site_name\" content=\"Praxis Dr. med. J\u00fcrgen Schwiese\" \/>\n<meta property=\"article:modified_time\" content=\"2019-10-05T16:36:46+00:00\" \/>\n<meta name=\"twitter:card\" content=\"summary_large_image\" \/>\n<meta name=\"twitter:label1\" content=\"Gesch\u00e4tzte Lesezeit\" \/>\n\t<meta name=\"twitter:data1\" content=\"1\u00a0Minute\" \/>\n<script type=\"application\/ld+json\" class=\"yoast-schema-graph\">{\"@context\":\"https:\/\/schema.org\",\"@graph\":[{\"@type\":\"WebPage\",\"@id\":\"http:\/\/www.praxis-schwiese.de\/website\/leistungen\/allergietests\/pricktest\/\",\"url\":\"http:\/\/www.praxis-schwiese.de\/website\/leistungen\/allergietests\/pricktest\/\",\"name\":\"Pricktest - Praxis Dr. med. J\u00fcrgen Schwiese\",\"isPartOf\":{\"@id\":\"http:\/\/www.praxis-schwiese.de\/website\/#website\"},\"datePublished\":\"2018-05-24T14:24:44+00:00\",\"dateModified\":\"2019-10-05T16:36:46+00:00\",\"breadcrumb\":{\"@id\":\"http:\/\/www.praxis-schwiese.de\/website\/leistungen\/allergietests\/pricktest\/#breadcrumb\"},\"inLanguage\":\"de\",\"potentialAction\":[{\"@type\":\"ReadAction\",\"target\":[\"http:\/\/www.praxis-schwiese.de\/website\/leistungen\/allergietests\/pricktest\/\"]}]},{\"@type\":\"BreadcrumbList\",\"@id\":\"http:\/\/www.praxis-schwiese.de\/website\/leistungen\/allergietests\/pricktest\/#breadcrumb\",\"itemListElement\":[{\"@type\":\"ListItem\",\"position\":1,\"name\":\"Startseite\",\"item\":\"http:\/\/www.praxis-schwiese.de\/website\/\"},{\"@type\":\"ListItem\",\"position\":2,\"name\":\"Leistungen\",\"item\":\"http:\/\/www.praxis-schwiese.de\/website\/leistungen\/\"},{\"@type\":\"ListItem\",\"position\":3,\"name\":\"Allergietests\",\"item\":\"http:\/\/www.praxis-schwiese.de\/website\/leistungen\/allergietests\/\"},{\"@type\":\"ListItem\",\"position\":4,\"name\":\"Pricktest\"}]},{\"@type\":\"WebSite\",\"@id\":\"http:\/\/www.praxis-schwiese.de\/website\/#website\",\"url\":\"http:\/\/www.praxis-schwiese.de\/website\/\",\"name\":\"Praxis Dr. med. J\u00fcrgen Schwiese\",\"description\":\"Facharztpraxis f\u00fcr Innere Medizin, Lungen- und Bronchialheilkunde, Allergologie\",\"publisher\":{\"@id\":\"http:\/\/www.praxis-schwiese.de\/website\/#organization\"},\"potentialAction\":[{\"@type\":\"SearchAction\",\"target\":{\"@type\":\"EntryPoint\",\"urlTemplate\":\"http:\/\/www.praxis-schwiese.de\/website\/?s={search_term_string}\"},\"query-input\":\"required name=search_term_string\"}],\"inLanguage\":\"de\"},{\"@type\":\"Organization\",\"@id\":\"http:\/\/www.praxis-schwiese.de\/website\/#organization\",\"name\":\"Praxis Dr. J\u00fcrgen Schwiese\",\"url\":\"http:\/\/www.praxis-schwiese.de\/website\/\",\"sameAs\":[],\"logo\":{\"@type\":\"ImageObject\",\"inLanguage\":\"de\",\"@id\":\"http:\/\/www.praxis-schwiese.de\/website\/#\/schema\/logo\/image\/\",\"url\":\"http:\/\/www.praxis-schwiese.de\/website\/wp-content\/uploads\/2019\/10\/header_250-1.png\",\"contentUrl\":\"http:\/\/www.praxis-schwiese.de\/website\/wp-content\/uploads\/2019\/10\/header_250-1.png\",\"width\":275,\"height\":91,\"caption\":\"Praxis Dr. J\u00fcrgen Schwiese\"},\"image\":{\"@id\":\"http:\/\/www.praxis-schwiese.de\/website\/#\/schema\/logo\/image\/\"}}]}<\/script>\n<!-- \/ Yoast SEO plugin. -->","yoast_head_json":{"title":"Pricktest - Praxis Dr. med. J\u00fcrgen Schwiese","robots":{"index":"index","follow":"follow","max-snippet":"max-snippet:-1","max-image-preview":"max-image-preview:large","max-video-preview":"max-video-preview:-1"},"canonical":"http:\/\/www.praxis-schwiese.de\/website\/leistungen\/allergietests\/pricktest\/","og_locale":"de_DE","og_type":"article","og_title":"Pricktest - Praxis Dr. med. J\u00fcrgen Schwiese","og_description":"Hierbei wird jeweils ein Tropfen einer allergenen L\u00f6sung, die von der Industrie hergestellt wird, auf den Unterarm getropft. Anschlie\u00dfend wird die Spitze einer kleinen Lanzette durch den Tropfen in die oberfl\u00e4chliche Schicht der Haut gebracht. In der Regel werden verschiedene Inhalationsallergene (u.a. fr\u00fchbl\u00fchende B\u00e4ume wie Hasel, Erle, Birke, aber auch Gr\u00e4ser, Hausstaubmilben, bestimmte Schimmelpilze) getestet. &hellip; Pricktest Weiterlesen &raquo;","og_url":"http:\/\/www.praxis-schwiese.de\/website\/leistungen\/allergietests\/pricktest\/","og_site_name":"Praxis Dr. med. J\u00fcrgen Schwiese","article_modified_time":"2019-10-05T16:36:46+00:00","twitter_card":"summary_large_image","twitter_misc":{"Gesch\u00e4tzte Lesezeit":"1\u00a0Minute"},"schema":{"@context":"https:\/\/schema.org","@graph":[{"@type":"WebPage","@id":"http:\/\/www.praxis-schwiese.de\/website\/leistungen\/allergietests\/pricktest\/","url":"http:\/\/www.praxis-schwiese.de\/website\/leistungen\/allergietests\/pricktest\/","name":"Pricktest - Praxis Dr. med. J\u00fcrgen Schwiese","isPartOf":{"@id":"http:\/\/www.praxis-schwiese.de\/website\/#website"},"datePublished":"2018-05-24T14:24:44+00:00","dateModified":"2019-10-05T16:36:46+00:00","breadcrumb":{"@id":"http:\/\/www.praxis-schwiese.de\/website\/leistungen\/allergietests\/pricktest\/#breadcrumb"},"inLanguage":"de","potentialAction":[{"@type":"ReadAction","target":["http:\/\/www.praxis-schwiese.de\/website\/leistungen\/allergietests\/pricktest\/"]}]},{"@type":"BreadcrumbList","@id":"http:\/\/www.praxis-schwiese.de\/website\/leistungen\/allergietests\/pricktest\/#breadcrumb","itemListElement":[{"@type":"ListItem","position":1,"name":"Startseite","item":"http:\/\/www.praxis-schwiese.de\/website\/"},{"@type":"ListItem","position":2,"name":"Leistungen","item":"http:\/\/www.praxis-schwiese.de\/website\/leistungen\/"},{"@type":"ListItem","position":3,"name":"Allergietests","item":"http:\/\/www.praxis-schwiese.de\/website\/leistungen\/allergietests\/"},{"@type":"ListItem","position":4,"name":"Pricktest"}]},{"@type":"WebSite","@id":"http:\/\/www.praxis-schwiese.de\/website\/#website","url":"http:\/\/www.praxis-schwiese.de\/website\/","name":"Praxis Dr. med. J\u00fcrgen Schwiese","description":"Facharztpraxis f\u00fcr Innere Medizin, Lungen- und Bronchialheilkunde, Allergologie","publisher":{"@id":"http:\/\/www.praxis-schwiese.de\/website\/#organization"},"potentialAction":[{"@type":"SearchAction","target":{"@type":"EntryPoint","urlTemplate":"http:\/\/www.praxis-schwiese.de\/website\/?s={search_term_string}"},"query-input":"required name=search_term_string"}],"inLanguage":"de"},{"@type":"Organization","@id":"http:\/\/www.praxis-schwiese.de\/website\/#organization","name":"Praxis Dr. J\u00fcrgen Schwiese","url":"http:\/\/www.praxis-schwiese.de\/website\/","sameAs":[],"logo":{"@type":"ImageObject","inLanguage":"de","@id":"http:\/\/www.praxis-schwiese.de\/website\/#\/schema\/logo\/image\/","url":"http:\/\/www.praxis-schwiese.de\/website\/wp-content\/uploads\/2019\/10\/header_250-1.png","contentUrl":"http:\/\/www.praxis-schwiese.de\/website\/wp-content\/uploads\/2019\/10\/header_250-1.png","width":275,"height":91,"caption":"Praxis Dr. J\u00fcrgen Schwiese"},"image":{"@id":"http:\/\/www.praxis-schwiese.de\/website\/#\/schema\/logo\/image\/"}}]}},"uagb_featured_image_src":{"full":false,"thumbnail":false,"medium":false,"medium_large":false,"large":false,"1536x1536":false,"2048x2048":false},"uagb_author_info":{"display_name":"rolfwin","author_link":"http:\/\/www.praxis-schwiese.de\/website\/author\/rolfwin\/"},"uagb_comment_info":0,"uagb_excerpt":"Hierbei wird jeweils ein Tropfen einer allergenen L\u00f6sung, die von der Industrie hergestellt wird, auf den Unterarm getropft. Anschlie\u00dfend wird die Spitze einer kleinen Lanzette durch den Tropfen in die oberfl\u00e4chliche Schicht der Haut gebracht. In der Regel werden verschiedene Inhalationsallergene (u.a. fr\u00fchbl\u00fchende B\u00e4ume wie Hasel, Erle, Birke, aber auch Gr\u00e4ser, Hausstaubmilben, bestimmte Schimmelpilze) getestet.&hellip;","_links":{"self":[{"href":"http:\/\/www.praxis-schwiese.de\/website\/wp-json\/wp\/v2\/pages\/92","targetHints":{"allow":["GET"]}}],"collection":[{"href":"http:\/\/www.praxis-schwiese.de\/website\/wp-json\/wp\/v2\/pages"}],"about":[{"href":"http:\/\/www.praxis-schwiese.de\/website\/wp-json\/wp\/v2\/types\/page"}],"author":[{"embeddable":true,"href":"http:\/\/www.praxis-schwiese.de\/website\/wp-json\/wp\/v2\/users\/1"}],"replies":[{"embeddable":true,"href":"http:\/\/www.praxis-schwiese.de\/website\/wp-json\/wp\/v2\/comments?post=92"}],"version-history":[{"count":1,"href":"http:\/\/www.praxis-schwiese.de\/website\/wp-json\/wp\/v2\/pages\/92\/revisions"}],"predecessor-version":[{"id":93,"href":"http:\/\/www.praxis-schwiese.de\/website\/wp-json\/wp\/v2\/pages\/92\/revisions\/93"}],"up":[{"embeddable":true,"href":"http:\/\/www.praxis-schwiese.de\/website\/wp-json\/wp\/v2\/pages\/90"}],"wp:attachment":[{"href":"http:\/\/www.praxis-schwiese.de\/website\/wp-json\/wp\/v2\/media?parent=92"}],"wp:term":[{"taxonomy":"category","embeddable":true,"href":"http:\/\/www.praxis-schwiese.de\/website\/wp-json\/wp\/v2\/categories?post=92"},{"taxonomy":"post_tag","embeddable":true,"href":"http:\/\/www.praxis-schwiese.de\/website\/wp-json\/wp\/v2\/tags?post=92"}],"curies":[{"name":"wp","href":"https:\/\/api.w.org\/{rel}","templated":true}]}}