{"id":88,"date":"2018-05-24T16:23:27","date_gmt":"2018-05-24T14:23:27","guid":{"rendered":"http:\/\/www.praxis-schwiese.de\/website\/?page_id=88"},"modified":"2019-10-30T18:52:51","modified_gmt":"2019-10-30T17:52:51","slug":"stickstoffgehalt","status":"publish","type":"page","link":"http:\/\/www.praxis-schwiese.de\/website\/leistungen\/asthmauntersuchungen\/stickstoffgehalt\/","title":{"rendered":"Stickstoffgehalt"},"content":{"rendered":"<p><a href=\"http:\/\/www.praxis-schwiese.de\/website\/wp-content\/uploads\/2019\/10\/no.jpg\"><img loading=\"lazy\" decoding=\"async\" class=\"alignright size-medium wp-image-436\" src=\"http:\/\/www.praxis-schwiese.de\/website\/wp-content\/uploads\/2019\/10\/no-300x300.jpg\" alt=\"\" width=\"300\" height=\"300\" srcset=\"http:\/\/www.praxis-schwiese.de\/website\/wp-content\/uploads\/2019\/10\/no-300x300.jpg 300w, http:\/\/www.praxis-schwiese.de\/website\/wp-content\/uploads\/2019\/10\/no-150x150.jpg 150w, http:\/\/www.praxis-schwiese.de\/website\/wp-content\/uploads\/2019\/10\/no.jpg 768w\" sizes=\"auto, (max-width: 300px) 100vw, 300px\" \/><\/a>Dieses seit 2005 zur Verf\u00fcgung stehende Ger\u00e4t misst den NO-Gehalt in der Ausatemluft. Vorteilhaft ist, dass dieses Ger\u00e4t bereits bei Kindern ab etwa 5 Jahren einsetzbar ist. Es hat sich gezeigt, dass NO vermehrt von asthmatisch ver\u00e4nderten Bronchien gebildet wird. Patienten mit Asthma bronchiale haben typischerweise deutlich erh\u00f6hte NO-Werte in der Ausatemluft. Bedeutsam ist auch, dass unter der Therapie mit einem inhalierten Cortisonpr\u00e4parat der Stickstoffgehalt abf\u00e4llt und sich schlie\u00dflich normaliert. Die NO-Messung, die v\u00f6llig schmerzfrei und in ca. 2 Minuten abl\u00e4uft, dient somit auch der Therapiekontrolle. Die Cortisondosis kann dann auch nach entsprechender Normalisierung des NO-Wertes vermindert und ggf. auch guten Gewissens beendet<\/p>\n","protected":false},"excerpt":{"rendered":"<p>Dieses seit 2005 zur Verf\u00fcgung stehende Ger\u00e4t misst den NO-Gehalt in der Ausatemluft. Vorteilhaft ist, dass dieses Ger\u00e4t bereits bei Kindern ab etwa 5 Jahren einsetzbar ist. Es hat sich gezeigt, dass NO vermehrt von asthmatisch ver\u00e4nderten Bronchien gebildet wird. Patienten mit Asthma bronchiale haben typischerweise deutlich erh\u00f6hte NO-Werte in der Ausatemluft. Bedeutsam ist auch, &hellip;<\/p>\n<p class=\"read-more\"> <a class=\"\" href=\"http:\/\/www.praxis-schwiese.de\/website\/leistungen\/asthmauntersuchungen\/stickstoffgehalt\/\"> <span class=\"screen-reader-text\">Stickstoffgehalt<\/span> Weiterlesen &raquo;<\/a><\/p>\n","protected":false},"author":1,"featured_media":0,"parent":84,"menu_order":0,"comment_status":"closed","ping_status":"closed","template":"","meta":{"site-sidebar-layout":"default","site-content-layout":"default","ast-global-header-display":"","ast-main-header-display":"","ast-hfb-above-header-display":"","ast-hfb-below-header-display":"","ast-hfb-mobile-header-display":"","site-post-title":"","ast-breadcrumbs-content":"","ast-featured-img":"","footer-sml-layout":"","theme-transparent-header-meta":"default","adv-header-id-meta":"","stick-header-meta":"","header-above-stick-meta":"","header-main-stick-meta":"","header-below-stick-meta":"","footnotes":""},"categories":[5],"tags":[],"class_list":["post-88","page","type-page","status-publish","hentry","category-leistungen"],"yoast_head":"<!-- This site is optimized with the Yoast SEO plugin v19.7.1 - https:\/\/yoast.com\/wordpress\/plugins\/seo\/ -->\n<title>Stickstoffgehalt - Praxis Dr. med. J\u00fcrgen Schwiese<\/title>\n<meta name=\"robots\" content=\"index, follow, max-snippet:-1, max-image-preview:large, max-video-preview:-1\" \/>\n<link rel=\"canonical\" href=\"http:\/\/www.praxis-schwiese.de\/website\/leistungen\/asthmauntersuchungen\/stickstoffgehalt\/\" \/>\n<meta property=\"og:locale\" content=\"de_DE\" \/>\n<meta property=\"og:type\" content=\"article\" \/>\n<meta property=\"og:title\" content=\"Stickstoffgehalt - Praxis Dr. med. J\u00fcrgen Schwiese\" \/>\n<meta property=\"og:description\" content=\"Dieses seit 2005 zur Verf\u00fcgung stehende Ger\u00e4t misst den NO-Gehalt in der Ausatemluft. Vorteilhaft ist, dass dieses Ger\u00e4t bereits bei Kindern ab etwa 5 Jahren einsetzbar ist. Es hat sich gezeigt, dass NO vermehrt von asthmatisch ver\u00e4nderten Bronchien gebildet wird. Patienten mit Asthma bronchiale haben typischerweise deutlich erh\u00f6hte NO-Werte in der Ausatemluft. Bedeutsam ist auch, &hellip; Stickstoffgehalt Weiterlesen &raquo;\" \/>\n<meta property=\"og:url\" content=\"http:\/\/www.praxis-schwiese.de\/website\/leistungen\/asthmauntersuchungen\/stickstoffgehalt\/\" \/>\n<meta property=\"og:site_name\" content=\"Praxis Dr. med. J\u00fcrgen Schwiese\" \/>\n<meta property=\"article:modified_time\" content=\"2019-10-30T17:52:51+00:00\" \/>\n<meta property=\"og:image\" content=\"http:\/\/www.praxis-schwiese.de\/website\/wp-content\/uploads\/2019\/10\/no-300x300.jpg\" \/>\n<meta name=\"twitter:card\" content=\"summary_large_image\" \/>\n<meta name=\"twitter:label1\" content=\"Gesch\u00e4tzte Lesezeit\" \/>\n\t<meta name=\"twitter:data1\" content=\"1\u00a0Minute\" \/>\n<script type=\"application\/ld+json\" class=\"yoast-schema-graph\">{\"@context\":\"https:\/\/schema.org\",\"@graph\":[{\"@type\":\"WebPage\",\"@id\":\"http:\/\/www.praxis-schwiese.de\/website\/leistungen\/asthmauntersuchungen\/stickstoffgehalt\/\",\"url\":\"http:\/\/www.praxis-schwiese.de\/website\/leistungen\/asthmauntersuchungen\/stickstoffgehalt\/\",\"name\":\"Stickstoffgehalt - Praxis Dr. med. J\u00fcrgen Schwiese\",\"isPartOf\":{\"@id\":\"http:\/\/www.praxis-schwiese.de\/website\/#website\"},\"datePublished\":\"2018-05-24T14:23:27+00:00\",\"dateModified\":\"2019-10-30T17:52:51+00:00\",\"breadcrumb\":{\"@id\":\"http:\/\/www.praxis-schwiese.de\/website\/leistungen\/asthmauntersuchungen\/stickstoffgehalt\/#breadcrumb\"},\"inLanguage\":\"de\",\"potentialAction\":[{\"@type\":\"ReadAction\",\"target\":[\"http:\/\/www.praxis-schwiese.de\/website\/leistungen\/asthmauntersuchungen\/stickstoffgehalt\/\"]}]},{\"@type\":\"BreadcrumbList\",\"@id\":\"http:\/\/www.praxis-schwiese.de\/website\/leistungen\/asthmauntersuchungen\/stickstoffgehalt\/#breadcrumb\",\"itemListElement\":[{\"@type\":\"ListItem\",\"position\":1,\"name\":\"Startseite\",\"item\":\"http:\/\/www.praxis-schwiese.de\/website\/\"},{\"@type\":\"ListItem\",\"position\":2,\"name\":\"Leistungen\",\"item\":\"http:\/\/www.praxis-schwiese.de\/website\/leistungen\/\"},{\"@type\":\"ListItem\",\"position\":3,\"name\":\"Asthmauntersuchungen\",\"item\":\"http:\/\/www.praxis-schwiese.de\/website\/leistungen\/asthmauntersuchungen\/\"},{\"@type\":\"ListItem\",\"position\":4,\"name\":\"Stickstoffgehalt\"}]},{\"@type\":\"WebSite\",\"@id\":\"http:\/\/www.praxis-schwiese.de\/website\/#website\",\"url\":\"http:\/\/www.praxis-schwiese.de\/website\/\",\"name\":\"Praxis Dr. med. J\u00fcrgen Schwiese\",\"description\":\"Facharztpraxis f\u00fcr Innere Medizin, Lungen- und Bronchialheilkunde, Allergologie\",\"publisher\":{\"@id\":\"http:\/\/www.praxis-schwiese.de\/website\/#organization\"},\"potentialAction\":[{\"@type\":\"SearchAction\",\"target\":{\"@type\":\"EntryPoint\",\"urlTemplate\":\"http:\/\/www.praxis-schwiese.de\/website\/?s={search_term_string}\"},\"query-input\":\"required name=search_term_string\"}],\"inLanguage\":\"de\"},{\"@type\":\"Organization\",\"@id\":\"http:\/\/www.praxis-schwiese.de\/website\/#organization\",\"name\":\"Praxis Dr. J\u00fcrgen Schwiese\",\"url\":\"http:\/\/www.praxis-schwiese.de\/website\/\",\"sameAs\":[],\"logo\":{\"@type\":\"ImageObject\",\"inLanguage\":\"de\",\"@id\":\"http:\/\/www.praxis-schwiese.de\/website\/#\/schema\/logo\/image\/\",\"url\":\"http:\/\/www.praxis-schwiese.de\/website\/wp-content\/uploads\/2019\/10\/header_250-1.png\",\"contentUrl\":\"http:\/\/www.praxis-schwiese.de\/website\/wp-content\/uploads\/2019\/10\/header_250-1.png\",\"width\":275,\"height\":91,\"caption\":\"Praxis Dr. J\u00fcrgen Schwiese\"},\"image\":{\"@id\":\"http:\/\/www.praxis-schwiese.de\/website\/#\/schema\/logo\/image\/\"}}]}<\/script>\n<!-- \/ Yoast SEO plugin. -->","yoast_head_json":{"title":"Stickstoffgehalt - Praxis Dr. med. J\u00fcrgen Schwiese","robots":{"index":"index","follow":"follow","max-snippet":"max-snippet:-1","max-image-preview":"max-image-preview:large","max-video-preview":"max-video-preview:-1"},"canonical":"http:\/\/www.praxis-schwiese.de\/website\/leistungen\/asthmauntersuchungen\/stickstoffgehalt\/","og_locale":"de_DE","og_type":"article","og_title":"Stickstoffgehalt - Praxis Dr. med. J\u00fcrgen Schwiese","og_description":"Dieses seit 2005 zur Verf\u00fcgung stehende Ger\u00e4t misst den NO-Gehalt in der Ausatemluft. Vorteilhaft ist, dass dieses Ger\u00e4t bereits bei Kindern ab etwa 5 Jahren einsetzbar ist. Es hat sich gezeigt, dass NO vermehrt von asthmatisch ver\u00e4nderten Bronchien gebildet wird. Patienten mit Asthma bronchiale haben typischerweise deutlich erh\u00f6hte NO-Werte in der Ausatemluft. Bedeutsam ist auch, &hellip; Stickstoffgehalt Weiterlesen &raquo;","og_url":"http:\/\/www.praxis-schwiese.de\/website\/leistungen\/asthmauntersuchungen\/stickstoffgehalt\/","og_site_name":"Praxis Dr. med. J\u00fcrgen Schwiese","article_modified_time":"2019-10-30T17:52:51+00:00","og_image":[{"url":"http:\/\/www.praxis-schwiese.de\/website\/wp-content\/uploads\/2019\/10\/no-300x300.jpg"}],"twitter_card":"summary_large_image","twitter_misc":{"Gesch\u00e4tzte Lesezeit":"1\u00a0Minute"},"schema":{"@context":"https:\/\/schema.org","@graph":[{"@type":"WebPage","@id":"http:\/\/www.praxis-schwiese.de\/website\/leistungen\/asthmauntersuchungen\/stickstoffgehalt\/","url":"http:\/\/www.praxis-schwiese.de\/website\/leistungen\/asthmauntersuchungen\/stickstoffgehalt\/","name":"Stickstoffgehalt - Praxis Dr. med. J\u00fcrgen Schwiese","isPartOf":{"@id":"http:\/\/www.praxis-schwiese.de\/website\/#website"},"datePublished":"2018-05-24T14:23:27+00:00","dateModified":"2019-10-30T17:52:51+00:00","breadcrumb":{"@id":"http:\/\/www.praxis-schwiese.de\/website\/leistungen\/asthmauntersuchungen\/stickstoffgehalt\/#breadcrumb"},"inLanguage":"de","potentialAction":[{"@type":"ReadAction","target":["http:\/\/www.praxis-schwiese.de\/website\/leistungen\/asthmauntersuchungen\/stickstoffgehalt\/"]}]},{"@type":"BreadcrumbList","@id":"http:\/\/www.praxis-schwiese.de\/website\/leistungen\/asthmauntersuchungen\/stickstoffgehalt\/#breadcrumb","itemListElement":[{"@type":"ListItem","position":1,"name":"Startseite","item":"http:\/\/www.praxis-schwiese.de\/website\/"},{"@type":"ListItem","position":2,"name":"Leistungen","item":"http:\/\/www.praxis-schwiese.de\/website\/leistungen\/"},{"@type":"ListItem","position":3,"name":"Asthmauntersuchungen","item":"http:\/\/www.praxis-schwiese.de\/website\/leistungen\/asthmauntersuchungen\/"},{"@type":"ListItem","position":4,"name":"Stickstoffgehalt"}]},{"@type":"WebSite","@id":"http:\/\/www.praxis-schwiese.de\/website\/#website","url":"http:\/\/www.praxis-schwiese.de\/website\/","name":"Praxis Dr. med. J\u00fcrgen Schwiese","description":"Facharztpraxis f\u00fcr Innere Medizin, Lungen- und Bronchialheilkunde, Allergologie","publisher":{"@id":"http:\/\/www.praxis-schwiese.de\/website\/#organization"},"potentialAction":[{"@type":"SearchAction","target":{"@type":"EntryPoint","urlTemplate":"http:\/\/www.praxis-schwiese.de\/website\/?s={search_term_string}"},"query-input":"required name=search_term_string"}],"inLanguage":"de"},{"@type":"Organization","@id":"http:\/\/www.praxis-schwiese.de\/website\/#organization","name":"Praxis Dr. J\u00fcrgen Schwiese","url":"http:\/\/www.praxis-schwiese.de\/website\/","sameAs":[],"logo":{"@type":"ImageObject","inLanguage":"de","@id":"http:\/\/www.praxis-schwiese.de\/website\/#\/schema\/logo\/image\/","url":"http:\/\/www.praxis-schwiese.de\/website\/wp-content\/uploads\/2019\/10\/header_250-1.png","contentUrl":"http:\/\/www.praxis-schwiese.de\/website\/wp-content\/uploads\/2019\/10\/header_250-1.png","width":275,"height":91,"caption":"Praxis Dr. J\u00fcrgen Schwiese"},"image":{"@id":"http:\/\/www.praxis-schwiese.de\/website\/#\/schema\/logo\/image\/"}}]}},"uagb_featured_image_src":{"full":false,"thumbnail":false,"medium":false,"medium_large":false,"large":false,"1536x1536":false,"2048x2048":false},"uagb_author_info":{"display_name":"rolfwin","author_link":"http:\/\/www.praxis-schwiese.de\/website\/author\/rolfwin\/"},"uagb_comment_info":0,"uagb_excerpt":"Dieses seit 2005 zur Verf\u00fcgung stehende Ger\u00e4t misst den NO-Gehalt in der Ausatemluft. Vorteilhaft ist, dass dieses Ger\u00e4t bereits bei Kindern ab etwa 5 Jahren einsetzbar ist. Es hat sich gezeigt, dass NO vermehrt von asthmatisch ver\u00e4nderten Bronchien gebildet wird. Patienten mit Asthma bronchiale haben typischerweise deutlich erh\u00f6hte NO-Werte in der Ausatemluft. Bedeutsam ist auch,&hellip;","_links":{"self":[{"href":"http:\/\/www.praxis-schwiese.de\/website\/wp-json\/wp\/v2\/pages\/88","targetHints":{"allow":["GET"]}}],"collection":[{"href":"http:\/\/www.praxis-schwiese.de\/website\/wp-json\/wp\/v2\/pages"}],"about":[{"href":"http:\/\/www.praxis-schwiese.de\/website\/wp-json\/wp\/v2\/types\/page"}],"author":[{"embeddable":true,"href":"http:\/\/www.praxis-schwiese.de\/website\/wp-json\/wp\/v2\/users\/1"}],"replies":[{"embeddable":true,"href":"http:\/\/www.praxis-schwiese.de\/website\/wp-json\/wp\/v2\/comments?post=88"}],"version-history":[{"count":2,"href":"http:\/\/www.praxis-schwiese.de\/website\/wp-json\/wp\/v2\/pages\/88\/revisions"}],"predecessor-version":[{"id":437,"href":"http:\/\/www.praxis-schwiese.de\/website\/wp-json\/wp\/v2\/pages\/88\/revisions\/437"}],"up":[{"embeddable":true,"href":"http:\/\/www.praxis-schwiese.de\/website\/wp-json\/wp\/v2\/pages\/84"}],"wp:attachment":[{"href":"http:\/\/www.praxis-schwiese.de\/website\/wp-json\/wp\/v2\/media?parent=88"}],"wp:term":[{"taxonomy":"category","embeddable":true,"href":"http:\/\/www.praxis-schwiese.de\/website\/wp-json\/wp\/v2\/categories?post=88"},{"taxonomy":"post_tag","embeddable":true,"href":"http:\/\/www.praxis-schwiese.de\/website\/wp-json\/wp\/v2\/tags?post=88"}],"curies":[{"name":"wp","href":"https:\/\/api.w.org\/{rel}","templated":true}]}}