{"id":74,"date":"2018-05-24T16:19:24","date_gmt":"2018-05-24T14:19:24","guid":{"rendered":"http:\/\/www.praxis-schwiese.de\/website\/?page_id=74"},"modified":"2019-10-30T18:51:38","modified_gmt":"2019-10-30T17:51:38","slug":"co-messung","status":"publish","type":"page","link":"http:\/\/www.praxis-schwiese.de\/website\/leistungen\/lungenfunktion\/co-messung\/","title":{"rendered":"CO-Messung"},"content":{"rendered":"<p><a href=\"http:\/\/www.praxis-schwiese.de\/website\/wp-content\/uploads\/2019\/10\/zigarette.jpg\"><img loading=\"lazy\" decoding=\"async\" class=\"alignright size-medium wp-image-434\" src=\"http:\/\/www.praxis-schwiese.de\/website\/wp-content\/uploads\/2019\/10\/zigarette-300x246.jpg\" alt=\"\" width=\"300\" height=\"246\" srcset=\"http:\/\/www.praxis-schwiese.de\/website\/wp-content\/uploads\/2019\/10\/zigarette-300x246.jpg 300w, http:\/\/www.praxis-schwiese.de\/website\/wp-content\/uploads\/2019\/10\/zigarette.jpg 640w\" sizes=\"auto, (max-width: 300px) 100vw, 300px\" \/><\/a>Kohlenmonoxid entsteht \u00fcberwiegend beim Verbrennen von Zigaretten, sodass Raucher besonders viel Kohlenmonoxid im Blut haben. Das geruchlose Gas bindet sich an die roten Blutk\u00f6rperchen und blockiert damit die F\u00e4higkeit des Blutes, Sauerstoff zu transportieren. Die k\u00f6rperliche Leistungsf\u00e4higkeit von Rauchern ist deshalb im Vergleich zu Nichtrauchern durch mangelnde Sauerstoff-Versorgung eingeschr\u00e4nkt. Diese nachteilige Wirkung l\u00e4sst sich besonders bei langanhaltenden Belastungen feststellen (z.B. Ausdauersportarten).<\/p>\n<p>Durch die Messung des Kohlenmonoxidgehaltes in der Ausatemluft kann man auf den entsprechenden Gehalt im Blut schlie\u00dfen.<\/p>\n<p>Der CO-Wert ist abh\u00e4ngig von der Zahl der gerauchten Zigarette pro Zeit, der Inhalationstiefe und der Inhalationsdauer.<\/p>\n<p>CO ist der Stoff, der bei Rauch-Stopp am schnellsten den Erfolg der Bem\u00fchungen erkennen l\u00e4sst.<\/p>\n<p>Nichtraucher haben ganz geringe Mengen von Kohlenmonoxid im Blut (2-3ppm). H\u00f6here Werte treten bei Nichtrauchern nur dann auf, wenn sie hohen CO-Belastungen ausgesetzt sind (z.B. schlecht bel\u00fcftete Autowerkstatt oder schlecht ziehende Ofenheizung).<\/p>\n","protected":false},"excerpt":{"rendered":"<p>Kohlenmonoxid entsteht \u00fcberwiegend beim Verbrennen von Zigaretten, sodass Raucher besonders viel Kohlenmonoxid im Blut haben. Das geruchlose Gas bindet sich an die roten Blutk\u00f6rperchen und blockiert damit die F\u00e4higkeit des Blutes, Sauerstoff zu transportieren. Die k\u00f6rperliche Leistungsf\u00e4higkeit von Rauchern ist deshalb im Vergleich zu Nichtrauchern durch mangelnde Sauerstoff-Versorgung eingeschr\u00e4nkt. Diese nachteilige Wirkung l\u00e4sst sich besonders &hellip;<\/p>\n<p class=\"read-more\"> <a class=\"\" href=\"http:\/\/www.praxis-schwiese.de\/website\/leistungen\/lungenfunktion\/co-messung\/\"> <span class=\"screen-reader-text\">CO-Messung<\/span> Weiterlesen &raquo;<\/a><\/p>\n","protected":false},"author":1,"featured_media":0,"parent":59,"menu_order":0,"comment_status":"closed","ping_status":"closed","template":"","meta":{"site-sidebar-layout":"default","site-content-layout":"default","ast-global-header-display":"","ast-main-header-display":"","ast-hfb-above-header-display":"","ast-hfb-below-header-display":"","ast-hfb-mobile-header-display":"","site-post-title":"","ast-breadcrumbs-content":"","ast-featured-img":"","footer-sml-layout":"","theme-transparent-header-meta":"default","adv-header-id-meta":"","stick-header-meta":"","header-above-stick-meta":"","header-main-stick-meta":"","header-below-stick-meta":"","footnotes":""},"categories":[5],"tags":[],"class_list":["post-74","page","type-page","status-publish","hentry","category-leistungen"],"yoast_head":"<!-- This site is optimized with the Yoast SEO plugin v19.7.1 - https:\/\/yoast.com\/wordpress\/plugins\/seo\/ -->\n<title>CO-Messung - Praxis Dr. med. J\u00fcrgen Schwiese<\/title>\n<meta name=\"robots\" content=\"index, follow, max-snippet:-1, max-image-preview:large, max-video-preview:-1\" \/>\n<link rel=\"canonical\" href=\"http:\/\/www.praxis-schwiese.de\/website\/leistungen\/lungenfunktion\/co-messung\/\" \/>\n<meta property=\"og:locale\" content=\"de_DE\" \/>\n<meta property=\"og:type\" content=\"article\" \/>\n<meta property=\"og:title\" content=\"CO-Messung - Praxis Dr. med. J\u00fcrgen Schwiese\" \/>\n<meta property=\"og:description\" content=\"Kohlenmonoxid entsteht \u00fcberwiegend beim Verbrennen von Zigaretten, sodass Raucher besonders viel Kohlenmonoxid im Blut haben. Das geruchlose Gas bindet sich an die roten Blutk\u00f6rperchen und blockiert damit die F\u00e4higkeit des Blutes, Sauerstoff zu transportieren. Die k\u00f6rperliche Leistungsf\u00e4higkeit von Rauchern ist deshalb im Vergleich zu Nichtrauchern durch mangelnde Sauerstoff-Versorgung eingeschr\u00e4nkt. Diese nachteilige Wirkung l\u00e4sst sich besonders &hellip; CO-Messung Weiterlesen &raquo;\" \/>\n<meta property=\"og:url\" content=\"http:\/\/www.praxis-schwiese.de\/website\/leistungen\/lungenfunktion\/co-messung\/\" \/>\n<meta property=\"og:site_name\" content=\"Praxis Dr. med. J\u00fcrgen Schwiese\" \/>\n<meta property=\"article:modified_time\" content=\"2019-10-30T17:51:38+00:00\" \/>\n<meta property=\"og:image\" content=\"http:\/\/www.praxis-schwiese.de\/website\/wp-content\/uploads\/2019\/10\/zigarette-300x246.jpg\" \/>\n<meta name=\"twitter:card\" content=\"summary_large_image\" \/>\n<meta name=\"twitter:label1\" content=\"Gesch\u00e4tzte Lesezeit\" \/>\n\t<meta name=\"twitter:data1\" content=\"1\u00a0Minute\" \/>\n<script type=\"application\/ld+json\" class=\"yoast-schema-graph\">{\"@context\":\"https:\/\/schema.org\",\"@graph\":[{\"@type\":\"WebPage\",\"@id\":\"http:\/\/www.praxis-schwiese.de\/website\/leistungen\/lungenfunktion\/co-messung\/\",\"url\":\"http:\/\/www.praxis-schwiese.de\/website\/leistungen\/lungenfunktion\/co-messung\/\",\"name\":\"CO-Messung - Praxis Dr. med. J\u00fcrgen Schwiese\",\"isPartOf\":{\"@id\":\"http:\/\/www.praxis-schwiese.de\/website\/#website\"},\"datePublished\":\"2018-05-24T14:19:24+00:00\",\"dateModified\":\"2019-10-30T17:51:38+00:00\",\"breadcrumb\":{\"@id\":\"http:\/\/www.praxis-schwiese.de\/website\/leistungen\/lungenfunktion\/co-messung\/#breadcrumb\"},\"inLanguage\":\"de\",\"potentialAction\":[{\"@type\":\"ReadAction\",\"target\":[\"http:\/\/www.praxis-schwiese.de\/website\/leistungen\/lungenfunktion\/co-messung\/\"]}]},{\"@type\":\"BreadcrumbList\",\"@id\":\"http:\/\/www.praxis-schwiese.de\/website\/leistungen\/lungenfunktion\/co-messung\/#breadcrumb\",\"itemListElement\":[{\"@type\":\"ListItem\",\"position\":1,\"name\":\"Startseite\",\"item\":\"http:\/\/www.praxis-schwiese.de\/website\/\"},{\"@type\":\"ListItem\",\"position\":2,\"name\":\"Leistungen\",\"item\":\"http:\/\/www.praxis-schwiese.de\/website\/leistungen\/\"},{\"@type\":\"ListItem\",\"position\":3,\"name\":\"Lungenfunktion\",\"item\":\"http:\/\/www.praxis-schwiese.de\/website\/leistungen\/lungenfunktion\/\"},{\"@type\":\"ListItem\",\"position\":4,\"name\":\"CO-Messung\"}]},{\"@type\":\"WebSite\",\"@id\":\"http:\/\/www.praxis-schwiese.de\/website\/#website\",\"url\":\"http:\/\/www.praxis-schwiese.de\/website\/\",\"name\":\"Praxis Dr. med. J\u00fcrgen Schwiese\",\"description\":\"Facharztpraxis f\u00fcr Innere Medizin, Lungen- und Bronchialheilkunde, Allergologie\",\"publisher\":{\"@id\":\"http:\/\/www.praxis-schwiese.de\/website\/#organization\"},\"potentialAction\":[{\"@type\":\"SearchAction\",\"target\":{\"@type\":\"EntryPoint\",\"urlTemplate\":\"http:\/\/www.praxis-schwiese.de\/website\/?s={search_term_string}\"},\"query-input\":\"required name=search_term_string\"}],\"inLanguage\":\"de\"},{\"@type\":\"Organization\",\"@id\":\"http:\/\/www.praxis-schwiese.de\/website\/#organization\",\"name\":\"Praxis Dr. J\u00fcrgen Schwiese\",\"url\":\"http:\/\/www.praxis-schwiese.de\/website\/\",\"sameAs\":[],\"logo\":{\"@type\":\"ImageObject\",\"inLanguage\":\"de\",\"@id\":\"http:\/\/www.praxis-schwiese.de\/website\/#\/schema\/logo\/image\/\",\"url\":\"http:\/\/www.praxis-schwiese.de\/website\/wp-content\/uploads\/2019\/10\/header_250-1.png\",\"contentUrl\":\"http:\/\/www.praxis-schwiese.de\/website\/wp-content\/uploads\/2019\/10\/header_250-1.png\",\"width\":275,\"height\":91,\"caption\":\"Praxis Dr. J\u00fcrgen Schwiese\"},\"image\":{\"@id\":\"http:\/\/www.praxis-schwiese.de\/website\/#\/schema\/logo\/image\/\"}}]}<\/script>\n<!-- \/ Yoast SEO plugin. -->","yoast_head_json":{"title":"CO-Messung - Praxis Dr. med. J\u00fcrgen Schwiese","robots":{"index":"index","follow":"follow","max-snippet":"max-snippet:-1","max-image-preview":"max-image-preview:large","max-video-preview":"max-video-preview:-1"},"canonical":"http:\/\/www.praxis-schwiese.de\/website\/leistungen\/lungenfunktion\/co-messung\/","og_locale":"de_DE","og_type":"article","og_title":"CO-Messung - Praxis Dr. med. J\u00fcrgen Schwiese","og_description":"Kohlenmonoxid entsteht \u00fcberwiegend beim Verbrennen von Zigaretten, sodass Raucher besonders viel Kohlenmonoxid im Blut haben. Das geruchlose Gas bindet sich an die roten Blutk\u00f6rperchen und blockiert damit die F\u00e4higkeit des Blutes, Sauerstoff zu transportieren. Die k\u00f6rperliche Leistungsf\u00e4higkeit von Rauchern ist deshalb im Vergleich zu Nichtrauchern durch mangelnde Sauerstoff-Versorgung eingeschr\u00e4nkt. Diese nachteilige Wirkung l\u00e4sst sich besonders &hellip; CO-Messung Weiterlesen &raquo;","og_url":"http:\/\/www.praxis-schwiese.de\/website\/leistungen\/lungenfunktion\/co-messung\/","og_site_name":"Praxis Dr. med. J\u00fcrgen Schwiese","article_modified_time":"2019-10-30T17:51:38+00:00","og_image":[{"url":"http:\/\/www.praxis-schwiese.de\/website\/wp-content\/uploads\/2019\/10\/zigarette-300x246.jpg"}],"twitter_card":"summary_large_image","twitter_misc":{"Gesch\u00e4tzte Lesezeit":"1\u00a0Minute"},"schema":{"@context":"https:\/\/schema.org","@graph":[{"@type":"WebPage","@id":"http:\/\/www.praxis-schwiese.de\/website\/leistungen\/lungenfunktion\/co-messung\/","url":"http:\/\/www.praxis-schwiese.de\/website\/leistungen\/lungenfunktion\/co-messung\/","name":"CO-Messung - Praxis Dr. med. J\u00fcrgen Schwiese","isPartOf":{"@id":"http:\/\/www.praxis-schwiese.de\/website\/#website"},"datePublished":"2018-05-24T14:19:24+00:00","dateModified":"2019-10-30T17:51:38+00:00","breadcrumb":{"@id":"http:\/\/www.praxis-schwiese.de\/website\/leistungen\/lungenfunktion\/co-messung\/#breadcrumb"},"inLanguage":"de","potentialAction":[{"@type":"ReadAction","target":["http:\/\/www.praxis-schwiese.de\/website\/leistungen\/lungenfunktion\/co-messung\/"]}]},{"@type":"BreadcrumbList","@id":"http:\/\/www.praxis-schwiese.de\/website\/leistungen\/lungenfunktion\/co-messung\/#breadcrumb","itemListElement":[{"@type":"ListItem","position":1,"name":"Startseite","item":"http:\/\/www.praxis-schwiese.de\/website\/"},{"@type":"ListItem","position":2,"name":"Leistungen","item":"http:\/\/www.praxis-schwiese.de\/website\/leistungen\/"},{"@type":"ListItem","position":3,"name":"Lungenfunktion","item":"http:\/\/www.praxis-schwiese.de\/website\/leistungen\/lungenfunktion\/"},{"@type":"ListItem","position":4,"name":"CO-Messung"}]},{"@type":"WebSite","@id":"http:\/\/www.praxis-schwiese.de\/website\/#website","url":"http:\/\/www.praxis-schwiese.de\/website\/","name":"Praxis Dr. med. J\u00fcrgen Schwiese","description":"Facharztpraxis f\u00fcr Innere Medizin, Lungen- und Bronchialheilkunde, Allergologie","publisher":{"@id":"http:\/\/www.praxis-schwiese.de\/website\/#organization"},"potentialAction":[{"@type":"SearchAction","target":{"@type":"EntryPoint","urlTemplate":"http:\/\/www.praxis-schwiese.de\/website\/?s={search_term_string}"},"query-input":"required name=search_term_string"}],"inLanguage":"de"},{"@type":"Organization","@id":"http:\/\/www.praxis-schwiese.de\/website\/#organization","name":"Praxis Dr. J\u00fcrgen Schwiese","url":"http:\/\/www.praxis-schwiese.de\/website\/","sameAs":[],"logo":{"@type":"ImageObject","inLanguage":"de","@id":"http:\/\/www.praxis-schwiese.de\/website\/#\/schema\/logo\/image\/","url":"http:\/\/www.praxis-schwiese.de\/website\/wp-content\/uploads\/2019\/10\/header_250-1.png","contentUrl":"http:\/\/www.praxis-schwiese.de\/website\/wp-content\/uploads\/2019\/10\/header_250-1.png","width":275,"height":91,"caption":"Praxis Dr. J\u00fcrgen Schwiese"},"image":{"@id":"http:\/\/www.praxis-schwiese.de\/website\/#\/schema\/logo\/image\/"}}]}},"uagb_featured_image_src":{"full":false,"thumbnail":false,"medium":false,"medium_large":false,"large":false,"1536x1536":false,"2048x2048":false},"uagb_author_info":{"display_name":"rolfwin","author_link":"http:\/\/www.praxis-schwiese.de\/website\/author\/rolfwin\/"},"uagb_comment_info":0,"uagb_excerpt":"Kohlenmonoxid entsteht \u00fcberwiegend beim Verbrennen von Zigaretten, sodass Raucher besonders viel Kohlenmonoxid im Blut haben. Das geruchlose Gas bindet sich an die roten Blutk\u00f6rperchen und blockiert damit die F\u00e4higkeit des Blutes, Sauerstoff zu transportieren. Die k\u00f6rperliche Leistungsf\u00e4higkeit von Rauchern ist deshalb im Vergleich zu Nichtrauchern durch mangelnde Sauerstoff-Versorgung eingeschr\u00e4nkt. Diese nachteilige Wirkung l\u00e4sst sich besonders&hellip;","_links":{"self":[{"href":"http:\/\/www.praxis-schwiese.de\/website\/wp-json\/wp\/v2\/pages\/74","targetHints":{"allow":["GET"]}}],"collection":[{"href":"http:\/\/www.praxis-schwiese.de\/website\/wp-json\/wp\/v2\/pages"}],"about":[{"href":"http:\/\/www.praxis-schwiese.de\/website\/wp-json\/wp\/v2\/types\/page"}],"author":[{"embeddable":true,"href":"http:\/\/www.praxis-schwiese.de\/website\/wp-json\/wp\/v2\/users\/1"}],"replies":[{"embeddable":true,"href":"http:\/\/www.praxis-schwiese.de\/website\/wp-json\/wp\/v2\/comments?post=74"}],"version-history":[{"count":2,"href":"http:\/\/www.praxis-schwiese.de\/website\/wp-json\/wp\/v2\/pages\/74\/revisions"}],"predecessor-version":[{"id":435,"href":"http:\/\/www.praxis-schwiese.de\/website\/wp-json\/wp\/v2\/pages\/74\/revisions\/435"}],"up":[{"embeddable":true,"href":"http:\/\/www.praxis-schwiese.de\/website\/wp-json\/wp\/v2\/pages\/59"}],"wp:attachment":[{"href":"http:\/\/www.praxis-schwiese.de\/website\/wp-json\/wp\/v2\/media?parent=74"}],"wp:term":[{"taxonomy":"category","embeddable":true,"href":"http:\/\/www.praxis-schwiese.de\/website\/wp-json\/wp\/v2\/categories?post=74"},{"taxonomy":"post_tag","embeddable":true,"href":"http:\/\/www.praxis-schwiese.de\/website\/wp-json\/wp\/v2\/tags?post=74"}],"curies":[{"name":"wp","href":"https:\/\/api.w.org\/{rel}","templated":true}]}}