{"id":43,"date":"2018-05-24T13:58:56","date_gmt":"2018-05-24T11:58:56","guid":{"rendered":"http:\/\/www.praxis-schwiese.de\/website\/?page_id=43"},"modified":"2019-10-30T18:10:29","modified_gmt":"2019-10-30T17:10:29","slug":"termine","status":"publish","type":"page","link":"http:\/\/www.praxis-schwiese.de\/website\/willkommen\/termine\/","title":{"rendered":"Termine"},"content":{"rendered":"<p><strong>Wir vergeben Termine nur nach vorheriger Vereinbarung!<\/strong><\/p>\n<p><a id=\"contimg0\" href=\"http:\/\/www.praxis-schwiese.de\/site3\/images\/M_images\/phone.png\" target=\"_blank\" rel=\"noopener noreferrer\"><img loading=\"lazy\" decoding=\"async\" title=\"Telefon\" src=\"http:\/\/www.praxis-schwiese.de\/site3\/cache\/thumbs\/images_M_images_phone_png_1380018575_crop_32_32.png\" alt=\"Telefon\" width=\"32\" height=\"32\" align=\"left\" border=\"0\" \/><\/a> \u00a0 (0203) 2 59 89<\/p>\n<p><strong>Sprechzeiten sind<\/strong><\/p>\n<table border=\"0\" cellspacing=\"10\">\n<tbody>\n<tr>\n<td>Montag<\/td>\n<td>08.00 Uhr bis 11.00 Uhr<\/td>\n<td>15.00 Uhr bis 17.00 Uhr<\/td>\n<\/tr>\n<tr>\n<td>Dienstag<\/td>\n<td>08.00 Uhr bis 11.00 Uhr<\/td>\n<td>15.00 Uhr bis 17.00 Uhr<\/td>\n<\/tr>\n<tr>\n<td>Mittwoch<\/td>\n<td>08.00 Uhr bis 11.00 Uhr<\/td>\n<td><\/td>\n<\/tr>\n<tr>\n<td>Donnerstag<\/td>\n<td>08.00 Uhr bis 11.00 Uhr<\/td>\n<td>15.00 Uhr bis 17.00 Uhr<\/td>\n<\/tr>\n<tr>\n<td>Freitag<\/td>\n<td>08.00 Uhr bis 11.00 Uhr<\/td>\n<td><\/td>\n<\/tr>\n<\/tbody>\n<\/table>\n<p><strong>Bitte beachten Sie:<\/strong><\/p>\n<ol>\n<li>Wie in den meisten Facharztpraxen ist auch bei uns das Patientenaufkommen sehr hoch. Unsere Termine sind daher oft schon <span style=\"color: #ff0000;\">Monate im Voraus<\/span> ausgebucht. Auch wenn wir uns um eine m\u00f6glichst zeitnahe Vergabe von Behandlungsterminen bem\u00fchen, m\u00fcssen Sie damit rechnen, dass wir Ihnen in aller Regel <span style=\"color: #ff0000;\">keine kurzfristigen Termine<\/span> anbieten k\u00f6nnen.<\/li>\n<li>F\u00fcr die Betreuung unserer Patienten nehmen wir uns Zeit. Wie hoch der individuelle Zeitbedarf unserer Patienten ist, l\u00e4sst sich aber nie genau vorhersagen. In Verbindung mit unserem notgedrungen sehr dichten Terminplan sind daher Verz\u00f6gerungen und <span style=\"color: #ff0000;\">teilweise erhebliche Wartezeiten unvermeidbar<\/span>. Bitte kalkulieren Sie dies bei Ihrer pers\u00f6nlichen Zeitplanung ein. Sie sollten stets damit rechnen, dass Sie mehrere Stunden f\u00fcr Ihren Termin bei uns brauchen werden.<\/li>\n<\/ol>\n","protected":false},"excerpt":{"rendered":"<p>Wir vergeben Termine nur nach vorheriger Vereinbarung! \u00a0 (0203) 2 59 89 Sprechzeiten sind Montag 08.00 Uhr bis 11.00 Uhr 15.00 Uhr bis 17.00 Uhr Dienstag 08.00 Uhr bis 11.00 Uhr 15.00 Uhr bis 17.00 Uhr Mittwoch 08.00 Uhr bis 11.00 Uhr Donnerstag 08.00 Uhr bis 11.00 Uhr 15.00 Uhr bis 17.00 Uhr Freitag 08.00 &hellip;<\/p>\n<p class=\"read-more\"> <a class=\"\" href=\"http:\/\/www.praxis-schwiese.de\/website\/willkommen\/termine\/\"> <span class=\"screen-reader-text\">Termine<\/span> Weiterlesen &raquo;<\/a><\/p>\n","protected":false},"author":1,"featured_media":0,"parent":31,"menu_order":0,"comment_status":"closed","ping_status":"closed","template":"","meta":{"site-sidebar-layout":"default","site-content-layout":"default","ast-global-header-display":"","ast-main-header-display":"","ast-hfb-above-header-display":"","ast-hfb-below-header-display":"","ast-hfb-mobile-header-display":"","site-post-title":"","ast-breadcrumbs-content":"","ast-featured-img":"","footer-sml-layout":"","theme-transparent-header-meta":"default","adv-header-id-meta":"","stick-header-meta":"","header-above-stick-meta":"","header-main-stick-meta":"","header-below-stick-meta":"","footnotes":""},"categories":[6],"tags":[],"class_list":["post-43","page","type-page","status-publish","hentry","category-unsere-praxis"],"yoast_head":"<!-- This site is optimized with the Yoast SEO plugin v19.7.1 - https:\/\/yoast.com\/wordpress\/plugins\/seo\/ -->\n<title>Termine - Praxis Dr. med. J\u00fcrgen Schwiese<\/title>\n<meta name=\"robots\" content=\"index, follow, max-snippet:-1, max-image-preview:large, max-video-preview:-1\" \/>\n<link rel=\"canonical\" href=\"http:\/\/www.praxis-schwiese.de\/website\/willkommen\/termine\/\" \/>\n<meta property=\"og:locale\" content=\"de_DE\" \/>\n<meta property=\"og:type\" content=\"article\" \/>\n<meta property=\"og:title\" content=\"Termine - Praxis Dr. med. J\u00fcrgen Schwiese\" \/>\n<meta property=\"og:description\" content=\"Wir vergeben Termine nur nach vorheriger Vereinbarung! \u00a0 (0203) 2 59 89 Sprechzeiten sind Montag 08.00 Uhr bis 11.00 Uhr 15.00 Uhr bis 17.00 Uhr Dienstag 08.00 Uhr bis 11.00 Uhr 15.00 Uhr bis 17.00 Uhr Mittwoch 08.00 Uhr bis 11.00 Uhr Donnerstag 08.00 Uhr bis 11.00 Uhr 15.00 Uhr bis 17.00 Uhr Freitag 08.00 &hellip; Termine Weiterlesen &raquo;\" \/>\n<meta property=\"og:url\" content=\"http:\/\/www.praxis-schwiese.de\/website\/willkommen\/termine\/\" \/>\n<meta property=\"og:site_name\" content=\"Praxis Dr. med. J\u00fcrgen Schwiese\" \/>\n<meta property=\"article:modified_time\" content=\"2019-10-30T17:10:29+00:00\" \/>\n<meta property=\"og:image\" content=\"http:\/\/www.praxis-schwiese.de\/site3\/cache\/thumbs\/images_M_images_phone_png_1380018575_crop_32_32.png\" \/>\n<meta name=\"twitter:card\" content=\"summary_large_image\" \/>\n<meta name=\"twitter:label1\" content=\"Gesch\u00e4tzte Lesezeit\" \/>\n\t<meta name=\"twitter:data1\" content=\"1\u00a0Minute\" \/>\n<script type=\"application\/ld+json\" class=\"yoast-schema-graph\">{\"@context\":\"https:\/\/schema.org\",\"@graph\":[{\"@type\":\"WebPage\",\"@id\":\"http:\/\/www.praxis-schwiese.de\/website\/willkommen\/termine\/\",\"url\":\"http:\/\/www.praxis-schwiese.de\/website\/willkommen\/termine\/\",\"name\":\"Termine - Praxis Dr. med. J\u00fcrgen Schwiese\",\"isPartOf\":{\"@id\":\"http:\/\/www.praxis-schwiese.de\/website\/#website\"},\"datePublished\":\"2018-05-24T11:58:56+00:00\",\"dateModified\":\"2019-10-30T17:10:29+00:00\",\"breadcrumb\":{\"@id\":\"http:\/\/www.praxis-schwiese.de\/website\/willkommen\/termine\/#breadcrumb\"},\"inLanguage\":\"de\",\"potentialAction\":[{\"@type\":\"ReadAction\",\"target\":[\"http:\/\/www.praxis-schwiese.de\/website\/willkommen\/termine\/\"]}]},{\"@type\":\"BreadcrumbList\",\"@id\":\"http:\/\/www.praxis-schwiese.de\/website\/willkommen\/termine\/#breadcrumb\",\"itemListElement\":[{\"@type\":\"ListItem\",\"position\":1,\"name\":\"Startseite\",\"item\":\"http:\/\/www.praxis-schwiese.de\/website\/\"},{\"@type\":\"ListItem\",\"position\":2,\"name\":\"Herzlich willkommen\",\"item\":\"http:\/\/www.praxis-schwiese.de\/website\/\"},{\"@type\":\"ListItem\",\"position\":3,\"name\":\"Termine\"}]},{\"@type\":\"WebSite\",\"@id\":\"http:\/\/www.praxis-schwiese.de\/website\/#website\",\"url\":\"http:\/\/www.praxis-schwiese.de\/website\/\",\"name\":\"Praxis Dr. med. J\u00fcrgen Schwiese\",\"description\":\"Facharztpraxis f\u00fcr Innere Medizin, Lungen- und Bronchialheilkunde, Allergologie\",\"publisher\":{\"@id\":\"http:\/\/www.praxis-schwiese.de\/website\/#organization\"},\"potentialAction\":[{\"@type\":\"SearchAction\",\"target\":{\"@type\":\"EntryPoint\",\"urlTemplate\":\"http:\/\/www.praxis-schwiese.de\/website\/?s={search_term_string}\"},\"query-input\":\"required name=search_term_string\"}],\"inLanguage\":\"de\"},{\"@type\":\"Organization\",\"@id\":\"http:\/\/www.praxis-schwiese.de\/website\/#organization\",\"name\":\"Praxis Dr. J\u00fcrgen Schwiese\",\"url\":\"http:\/\/www.praxis-schwiese.de\/website\/\",\"sameAs\":[],\"logo\":{\"@type\":\"ImageObject\",\"inLanguage\":\"de\",\"@id\":\"http:\/\/www.praxis-schwiese.de\/website\/#\/schema\/logo\/image\/\",\"url\":\"http:\/\/www.praxis-schwiese.de\/website\/wp-content\/uploads\/2019\/10\/header_250-1.png\",\"contentUrl\":\"http:\/\/www.praxis-schwiese.de\/website\/wp-content\/uploads\/2019\/10\/header_250-1.png\",\"width\":275,\"height\":91,\"caption\":\"Praxis Dr. J\u00fcrgen Schwiese\"},\"image\":{\"@id\":\"http:\/\/www.praxis-schwiese.de\/website\/#\/schema\/logo\/image\/\"}}]}<\/script>\n<!-- \/ Yoast SEO plugin. -->","yoast_head_json":{"title":"Termine - Praxis Dr. med. J\u00fcrgen Schwiese","robots":{"index":"index","follow":"follow","max-snippet":"max-snippet:-1","max-image-preview":"max-image-preview:large","max-video-preview":"max-video-preview:-1"},"canonical":"http:\/\/www.praxis-schwiese.de\/website\/willkommen\/termine\/","og_locale":"de_DE","og_type":"article","og_title":"Termine - Praxis Dr. med. J\u00fcrgen Schwiese","og_description":"Wir vergeben Termine nur nach vorheriger Vereinbarung! \u00a0 (0203) 2 59 89 Sprechzeiten sind Montag 08.00 Uhr bis 11.00 Uhr 15.00 Uhr bis 17.00 Uhr Dienstag 08.00 Uhr bis 11.00 Uhr 15.00 Uhr bis 17.00 Uhr Mittwoch 08.00 Uhr bis 11.00 Uhr Donnerstag 08.00 Uhr bis 11.00 Uhr 15.00 Uhr bis 17.00 Uhr Freitag 08.00 &hellip; Termine Weiterlesen &raquo;","og_url":"http:\/\/www.praxis-schwiese.de\/website\/willkommen\/termine\/","og_site_name":"Praxis Dr. med. J\u00fcrgen Schwiese","article_modified_time":"2019-10-30T17:10:29+00:00","og_image":[{"url":"http:\/\/www.praxis-schwiese.de\/site3\/cache\/thumbs\/images_M_images_phone_png_1380018575_crop_32_32.png"}],"twitter_card":"summary_large_image","twitter_misc":{"Gesch\u00e4tzte Lesezeit":"1\u00a0Minute"},"schema":{"@context":"https:\/\/schema.org","@graph":[{"@type":"WebPage","@id":"http:\/\/www.praxis-schwiese.de\/website\/willkommen\/termine\/","url":"http:\/\/www.praxis-schwiese.de\/website\/willkommen\/termine\/","name":"Termine - Praxis Dr. med. J\u00fcrgen Schwiese","isPartOf":{"@id":"http:\/\/www.praxis-schwiese.de\/website\/#website"},"datePublished":"2018-05-24T11:58:56+00:00","dateModified":"2019-10-30T17:10:29+00:00","breadcrumb":{"@id":"http:\/\/www.praxis-schwiese.de\/website\/willkommen\/termine\/#breadcrumb"},"inLanguage":"de","potentialAction":[{"@type":"ReadAction","target":["http:\/\/www.praxis-schwiese.de\/website\/willkommen\/termine\/"]}]},{"@type":"BreadcrumbList","@id":"http:\/\/www.praxis-schwiese.de\/website\/willkommen\/termine\/#breadcrumb","itemListElement":[{"@type":"ListItem","position":1,"name":"Startseite","item":"http:\/\/www.praxis-schwiese.de\/website\/"},{"@type":"ListItem","position":2,"name":"Herzlich willkommen","item":"http:\/\/www.praxis-schwiese.de\/website\/"},{"@type":"ListItem","position":3,"name":"Termine"}]},{"@type":"WebSite","@id":"http:\/\/www.praxis-schwiese.de\/website\/#website","url":"http:\/\/www.praxis-schwiese.de\/website\/","name":"Praxis Dr. med. J\u00fcrgen Schwiese","description":"Facharztpraxis f\u00fcr Innere Medizin, Lungen- und Bronchialheilkunde, Allergologie","publisher":{"@id":"http:\/\/www.praxis-schwiese.de\/website\/#organization"},"potentialAction":[{"@type":"SearchAction","target":{"@type":"EntryPoint","urlTemplate":"http:\/\/www.praxis-schwiese.de\/website\/?s={search_term_string}"},"query-input":"required name=search_term_string"}],"inLanguage":"de"},{"@type":"Organization","@id":"http:\/\/www.praxis-schwiese.de\/website\/#organization","name":"Praxis Dr. J\u00fcrgen Schwiese","url":"http:\/\/www.praxis-schwiese.de\/website\/","sameAs":[],"logo":{"@type":"ImageObject","inLanguage":"de","@id":"http:\/\/www.praxis-schwiese.de\/website\/#\/schema\/logo\/image\/","url":"http:\/\/www.praxis-schwiese.de\/website\/wp-content\/uploads\/2019\/10\/header_250-1.png","contentUrl":"http:\/\/www.praxis-schwiese.de\/website\/wp-content\/uploads\/2019\/10\/header_250-1.png","width":275,"height":91,"caption":"Praxis Dr. J\u00fcrgen Schwiese"},"image":{"@id":"http:\/\/www.praxis-schwiese.de\/website\/#\/schema\/logo\/image\/"}}]}},"uagb_featured_image_src":{"full":false,"thumbnail":false,"medium":false,"medium_large":false,"large":false,"1536x1536":false,"2048x2048":false},"uagb_author_info":{"display_name":"rolfwin","author_link":"http:\/\/www.praxis-schwiese.de\/website\/author\/rolfwin\/"},"uagb_comment_info":0,"uagb_excerpt":"Wir vergeben Termine nur nach vorheriger Vereinbarung! \u00a0 (0203) 2 59 89 Sprechzeiten sind Montag 08.00 Uhr bis 11.00 Uhr 15.00 Uhr bis 17.00 Uhr Dienstag 08.00 Uhr bis 11.00 Uhr 15.00 Uhr bis 17.00 Uhr Mittwoch 08.00 Uhr bis 11.00 Uhr Donnerstag 08.00 Uhr bis 11.00 Uhr 15.00 Uhr bis 17.00 Uhr Freitag 08.00&hellip;","_links":{"self":[{"href":"http:\/\/www.praxis-schwiese.de\/website\/wp-json\/wp\/v2\/pages\/43","targetHints":{"allow":["GET"]}}],"collection":[{"href":"http:\/\/www.praxis-schwiese.de\/website\/wp-json\/wp\/v2\/pages"}],"about":[{"href":"http:\/\/www.praxis-schwiese.de\/website\/wp-json\/wp\/v2\/types\/page"}],"author":[{"embeddable":true,"href":"http:\/\/www.praxis-schwiese.de\/website\/wp-json\/wp\/v2\/users\/1"}],"replies":[{"embeddable":true,"href":"http:\/\/www.praxis-schwiese.de\/website\/wp-json\/wp\/v2\/comments?post=43"}],"version-history":[{"count":3,"href":"http:\/\/www.praxis-schwiese.de\/website\/wp-json\/wp\/v2\/pages\/43\/revisions"}],"predecessor-version":[{"id":410,"href":"http:\/\/www.praxis-schwiese.de\/website\/wp-json\/wp\/v2\/pages\/43\/revisions\/410"}],"up":[{"embeddable":true,"href":"http:\/\/www.praxis-schwiese.de\/website\/wp-json\/wp\/v2\/pages\/31"}],"wp:attachment":[{"href":"http:\/\/www.praxis-schwiese.de\/website\/wp-json\/wp\/v2\/media?parent=43"}],"wp:term":[{"taxonomy":"category","embeddable":true,"href":"http:\/\/www.praxis-schwiese.de\/website\/wp-json\/wp\/v2\/categories?post=43"},{"taxonomy":"post_tag","embeddable":true,"href":"http:\/\/www.praxis-schwiese.de\/website\/wp-json\/wp\/v2\/tags?post=43"}],"curies":[{"name":"wp","href":"https:\/\/api.w.org\/{rel}","templated":true}]}}