{"id":31,"date":"2018-05-24T13:49:42","date_gmt":"2018-05-24T11:49:42","guid":{"rendered":"http:\/\/www.praxis-schwiese.de\/website\/?page_id=31"},"modified":"2019-11-19T18:28:27","modified_gmt":"2019-11-19T17:28:27","slug":"willkommen","status":"publish","type":"page","link":"http:\/\/www.praxis-schwiese.de\/website\/","title":{"rendered":"Herzlich willkommen"},"content":{"rendered":"<p><a href=\"http:\/\/www.praxis-schwiese.de\/website\/wp-content\/uploads\/2019\/11\/2019-11-19_13.29.08.jpg\"><img loading=\"lazy\" decoding=\"async\" class=\"alignright wp-image-519\" src=\"http:\/\/www.praxis-schwiese.de\/website\/wp-content\/uploads\/2019\/11\/2019-11-19_13.29.08-300x200.jpg\" alt=\"Praxisteam Dr. Schwiese\" width=\"1067\" height=\"711\" srcset=\"http:\/\/www.praxis-schwiese.de\/website\/wp-content\/uploads\/2019\/11\/2019-11-19_13.29.08-300x200.jpg 300w, http:\/\/www.praxis-schwiese.de\/website\/wp-content\/uploads\/2019\/11\/2019-11-19_13.29.08-768x512.jpg 768w, http:\/\/www.praxis-schwiese.de\/website\/wp-content\/uploads\/2019\/11\/2019-11-19_13.29.08-1024x683.jpg 1024w\" sizes=\"auto, (max-width: 1067px) 100vw, 1067px\" \/><\/a>Wir freuen uns, dass Sie zu uns gefunden haben und sich \u00fcber unser Leistungsangebot informieren m\u00f6chten. Wir bieten Ihnen ein breites Angebot von Untersuchungen und Behandlungsmethoden an, speziell in den Bereichen<\/p>\n<ul>\n<li>\u00a0Lungen- und Atemwegserkrankungen,<\/li>\n<li>Allergien,<\/li>\n<li>Schlafst\u00f6rungen.<\/li>\n<\/ul>\n<p>Zus\u00e4tzlich zu medizinische Informationen \u00fcber diese Themenbereiche bieten wir Ihnen auf unserer Website \u00fcber<\/p>\n<ul>\n<li>unsere Praxis<\/li>\n<li>das Praxisteam und unser konkretes<\/li>\n<li>Leistungsangebot.<\/li>\n<\/ul>\n<p>Vielen Dank f\u00fcr Ihr Interesse.<\/p>\n<p>Ihr<br \/>\n<em>Dr. J. Schwiese <\/em><\/p>\n","protected":false},"excerpt":{"rendered":"<p>Wir freuen uns, dass Sie zu uns gefunden haben und sich \u00fcber unser Leistungsangebot informieren m\u00f6chten. Wir bieten Ihnen ein breites Angebot von Untersuchungen und Behandlungsmethoden an, speziell in den Bereichen \u00a0Lungen- und Atemwegserkrankungen, Allergien, Schlafst\u00f6rungen. Zus\u00e4tzlich zu medizinische Informationen \u00fcber diese Themenbereiche bieten wir Ihnen auf unserer Website \u00fcber unsere Praxis das Praxisteam und &hellip;<\/p>\n<p class=\"read-more\"> <a class=\"\" href=\"http:\/\/www.praxis-schwiese.de\/website\/\"> <span class=\"screen-reader-text\">Herzlich willkommen<\/span> Weiterlesen &raquo;<\/a><\/p>\n","protected":false},"author":1,"featured_media":0,"parent":0,"menu_order":0,"comment_status":"closed","ping_status":"closed","template":"","meta":{"site-sidebar-layout":"default","site-content-layout":"default","ast-global-header-display":"","ast-main-header-display":"","ast-hfb-above-header-display":"","ast-hfb-below-header-display":"","ast-hfb-mobile-header-display":"","site-post-title":"","ast-breadcrumbs-content":"","ast-featured-img":"","footer-sml-layout":"","theme-transparent-header-meta":"default","adv-header-id-meta":"","stick-header-meta":"","header-above-stick-meta":"","header-main-stick-meta":"","header-below-stick-meta":"","footnotes":""},"categories":[],"tags":[9,13,11,15,10,14,12,8],"class_list":["post-31","page","type-page","status-publish","hentry","tag-allergien","tag-allergologie","tag-allergologo","tag-atemwege","tag-facharzt","tag-husten","tag-lunge","tag-lungenfacharzt"],"yoast_head":"<!-- This site is optimized with the Yoast SEO plugin v19.7.1 - https:\/\/yoast.com\/wordpress\/plugins\/seo\/ -->\n<title>Herzlich willkommen - Praxis Dr. med. J\u00fcrgen Schwiese<\/title>\n<meta name=\"robots\" content=\"index, follow, max-snippet:-1, max-image-preview:large, max-video-preview:-1\" \/>\n<link rel=\"canonical\" href=\"http:\/\/www.praxis-schwiese.de\/website\/\" \/>\n<meta property=\"og:locale\" content=\"de_DE\" \/>\n<meta property=\"og:type\" content=\"article\" \/>\n<meta property=\"og:title\" content=\"Herzlich willkommen - Praxis Dr. med. J\u00fcrgen Schwiese\" \/>\n<meta property=\"og:description\" content=\"Wir freuen uns, dass Sie zu uns gefunden haben und sich \u00fcber unser Leistungsangebot informieren m\u00f6chten. Wir bieten Ihnen ein breites Angebot von Untersuchungen und Behandlungsmethoden an, speziell in den Bereichen \u00a0Lungen- und Atemwegserkrankungen, Allergien, Schlafst\u00f6rungen. Zus\u00e4tzlich zu medizinische Informationen \u00fcber diese Themenbereiche bieten wir Ihnen auf unserer Website \u00fcber unsere Praxis das Praxisteam und &hellip; Herzlich willkommen Weiterlesen &raquo;\" \/>\n<meta property=\"og:url\" content=\"http:\/\/www.praxis-schwiese.de\/website\/\" \/>\n<meta property=\"og:site_name\" content=\"Praxis Dr. med. J\u00fcrgen Schwiese\" \/>\n<meta property=\"article:modified_time\" content=\"2019-11-19T17:28:27+00:00\" \/>\n<meta property=\"og:image\" content=\"http:\/\/www.praxis-schwiese.de\/website\/wp-content\/uploads\/2019\/11\/2019-11-19_13.29.08-300x200.jpg\" \/>\n<meta name=\"twitter:card\" content=\"summary_large_image\" \/>\n<script type=\"application\/ld+json\" class=\"yoast-schema-graph\">{\"@context\":\"https:\/\/schema.org\",\"@graph\":[{\"@type\":\"WebPage\",\"@id\":\"http:\/\/www.praxis-schwiese.de\/website\/\",\"url\":\"http:\/\/www.praxis-schwiese.de\/website\/\",\"name\":\"Herzlich willkommen - Praxis Dr. med. J\u00fcrgen Schwiese\",\"isPartOf\":{\"@id\":\"http:\/\/www.praxis-schwiese.de\/website\/#website\"},\"datePublished\":\"2018-05-24T11:49:42+00:00\",\"dateModified\":\"2019-11-19T17:28:27+00:00\",\"breadcrumb\":{\"@id\":\"http:\/\/www.praxis-schwiese.de\/website\/#breadcrumb\"},\"inLanguage\":\"de\",\"potentialAction\":[{\"@type\":\"ReadAction\",\"target\":[\"http:\/\/www.praxis-schwiese.de\/website\/\"]}]},{\"@type\":\"BreadcrumbList\",\"@id\":\"http:\/\/www.praxis-schwiese.de\/website\/#breadcrumb\",\"itemListElement\":[{\"@type\":\"ListItem\",\"position\":1,\"name\":\"Startseite\",\"item\":\"http:\/\/www.praxis-schwiese.de\/website\/\"},{\"@type\":\"ListItem\",\"position\":2,\"name\":\"Herzlich willkommen\"}]},{\"@type\":\"WebSite\",\"@id\":\"http:\/\/www.praxis-schwiese.de\/website\/#website\",\"url\":\"http:\/\/www.praxis-schwiese.de\/website\/\",\"name\":\"Praxis Dr. med. J\u00fcrgen Schwiese\",\"description\":\"Facharztpraxis f\u00fcr Innere Medizin, Lungen- und Bronchialheilkunde, Allergologie\",\"publisher\":{\"@id\":\"http:\/\/www.praxis-schwiese.de\/website\/#organization\"},\"potentialAction\":[{\"@type\":\"SearchAction\",\"target\":{\"@type\":\"EntryPoint\",\"urlTemplate\":\"http:\/\/www.praxis-schwiese.de\/website\/?s={search_term_string}\"},\"query-input\":\"required name=search_term_string\"}],\"inLanguage\":\"de\"},{\"@type\":\"Organization\",\"@id\":\"http:\/\/www.praxis-schwiese.de\/website\/#organization\",\"name\":\"Praxis Dr. J\u00fcrgen Schwiese\",\"url\":\"http:\/\/www.praxis-schwiese.de\/website\/\",\"sameAs\":[],\"logo\":{\"@type\":\"ImageObject\",\"inLanguage\":\"de\",\"@id\":\"http:\/\/www.praxis-schwiese.de\/website\/#\/schema\/logo\/image\/\",\"url\":\"http:\/\/www.praxis-schwiese.de\/website\/wp-content\/uploads\/2019\/10\/header_250-1.png\",\"contentUrl\":\"http:\/\/www.praxis-schwiese.de\/website\/wp-content\/uploads\/2019\/10\/header_250-1.png\",\"width\":275,\"height\":91,\"caption\":\"Praxis Dr. J\u00fcrgen Schwiese\"},\"image\":{\"@id\":\"http:\/\/www.praxis-schwiese.de\/website\/#\/schema\/logo\/image\/\"}}]}<\/script>\n<!-- \/ Yoast SEO plugin. -->","yoast_head_json":{"title":"Herzlich willkommen - Praxis Dr. med. J\u00fcrgen Schwiese","robots":{"index":"index","follow":"follow","max-snippet":"max-snippet:-1","max-image-preview":"max-image-preview:large","max-video-preview":"max-video-preview:-1"},"canonical":"http:\/\/www.praxis-schwiese.de\/website\/","og_locale":"de_DE","og_type":"article","og_title":"Herzlich willkommen - Praxis Dr. med. J\u00fcrgen Schwiese","og_description":"Wir freuen uns, dass Sie zu uns gefunden haben und sich \u00fcber unser Leistungsangebot informieren m\u00f6chten. Wir bieten Ihnen ein breites Angebot von Untersuchungen und Behandlungsmethoden an, speziell in den Bereichen \u00a0Lungen- und Atemwegserkrankungen, Allergien, Schlafst\u00f6rungen. Zus\u00e4tzlich zu medizinische Informationen \u00fcber diese Themenbereiche bieten wir Ihnen auf unserer Website \u00fcber unsere Praxis das Praxisteam und &hellip; Herzlich willkommen Weiterlesen &raquo;","og_url":"http:\/\/www.praxis-schwiese.de\/website\/","og_site_name":"Praxis Dr. med. J\u00fcrgen Schwiese","article_modified_time":"2019-11-19T17:28:27+00:00","og_image":[{"url":"http:\/\/www.praxis-schwiese.de\/website\/wp-content\/uploads\/2019\/11\/2019-11-19_13.29.08-300x200.jpg"}],"twitter_card":"summary_large_image","schema":{"@context":"https:\/\/schema.org","@graph":[{"@type":"WebPage","@id":"http:\/\/www.praxis-schwiese.de\/website\/","url":"http:\/\/www.praxis-schwiese.de\/website\/","name":"Herzlich willkommen - Praxis Dr. med. J\u00fcrgen Schwiese","isPartOf":{"@id":"http:\/\/www.praxis-schwiese.de\/website\/#website"},"datePublished":"2018-05-24T11:49:42+00:00","dateModified":"2019-11-19T17:28:27+00:00","breadcrumb":{"@id":"http:\/\/www.praxis-schwiese.de\/website\/#breadcrumb"},"inLanguage":"de","potentialAction":[{"@type":"ReadAction","target":["http:\/\/www.praxis-schwiese.de\/website\/"]}]},{"@type":"BreadcrumbList","@id":"http:\/\/www.praxis-schwiese.de\/website\/#breadcrumb","itemListElement":[{"@type":"ListItem","position":1,"name":"Startseite","item":"http:\/\/www.praxis-schwiese.de\/website\/"},{"@type":"ListItem","position":2,"name":"Herzlich willkommen"}]},{"@type":"WebSite","@id":"http:\/\/www.praxis-schwiese.de\/website\/#website","url":"http:\/\/www.praxis-schwiese.de\/website\/","name":"Praxis Dr. med. J\u00fcrgen Schwiese","description":"Facharztpraxis f\u00fcr Innere Medizin, Lungen- und Bronchialheilkunde, Allergologie","publisher":{"@id":"http:\/\/www.praxis-schwiese.de\/website\/#organization"},"potentialAction":[{"@type":"SearchAction","target":{"@type":"EntryPoint","urlTemplate":"http:\/\/www.praxis-schwiese.de\/website\/?s={search_term_string}"},"query-input":"required name=search_term_string"}],"inLanguage":"de"},{"@type":"Organization","@id":"http:\/\/www.praxis-schwiese.de\/website\/#organization","name":"Praxis Dr. J\u00fcrgen Schwiese","url":"http:\/\/www.praxis-schwiese.de\/website\/","sameAs":[],"logo":{"@type":"ImageObject","inLanguage":"de","@id":"http:\/\/www.praxis-schwiese.de\/website\/#\/schema\/logo\/image\/","url":"http:\/\/www.praxis-schwiese.de\/website\/wp-content\/uploads\/2019\/10\/header_250-1.png","contentUrl":"http:\/\/www.praxis-schwiese.de\/website\/wp-content\/uploads\/2019\/10\/header_250-1.png","width":275,"height":91,"caption":"Praxis Dr. J\u00fcrgen Schwiese"},"image":{"@id":"http:\/\/www.praxis-schwiese.de\/website\/#\/schema\/logo\/image\/"}}]}},"uagb_featured_image_src":{"full":false,"thumbnail":false,"medium":false,"medium_large":false,"large":false,"1536x1536":false,"2048x2048":false},"uagb_author_info":{"display_name":"rolfwin","author_link":"http:\/\/www.praxis-schwiese.de\/website\/author\/rolfwin\/"},"uagb_comment_info":0,"uagb_excerpt":"Wir freuen uns, dass Sie zu uns gefunden haben und sich \u00fcber unser Leistungsangebot informieren m\u00f6chten. Wir bieten Ihnen ein breites Angebot von Untersuchungen und Behandlungsmethoden an, speziell in den Bereichen \u00a0Lungen- und Atemwegserkrankungen, Allergien, Schlafst\u00f6rungen. Zus\u00e4tzlich zu medizinische Informationen \u00fcber diese Themenbereiche bieten wir Ihnen auf unserer Website \u00fcber unsere Praxis das Praxisteam und&hellip;","_links":{"self":[{"href":"http:\/\/www.praxis-schwiese.de\/website\/wp-json\/wp\/v2\/pages\/31","targetHints":{"allow":["GET"]}}],"collection":[{"href":"http:\/\/www.praxis-schwiese.de\/website\/wp-json\/wp\/v2\/pages"}],"about":[{"href":"http:\/\/www.praxis-schwiese.de\/website\/wp-json\/wp\/v2\/types\/page"}],"author":[{"embeddable":true,"href":"http:\/\/www.praxis-schwiese.de\/website\/wp-json\/wp\/v2\/users\/1"}],"replies":[{"embeddable":true,"href":"http:\/\/www.praxis-schwiese.de\/website\/wp-json\/wp\/v2\/comments?post=31"}],"version-history":[{"count":6,"href":"http:\/\/www.praxis-schwiese.de\/website\/wp-json\/wp\/v2\/pages\/31\/revisions"}],"predecessor-version":[{"id":523,"href":"http:\/\/www.praxis-schwiese.de\/website\/wp-json\/wp\/v2\/pages\/31\/revisions\/523"}],"wp:attachment":[{"href":"http:\/\/www.praxis-schwiese.de\/website\/wp-json\/wp\/v2\/media?parent=31"}],"wp:term":[{"taxonomy":"category","embeddable":true,"href":"http:\/\/www.praxis-schwiese.de\/website\/wp-json\/wp\/v2\/categories?post=31"},{"taxonomy":"post_tag","embeddable":true,"href":"http:\/\/www.praxis-schwiese.de\/website\/wp-json\/wp\/v2\/tags?post=31"}],"curies":[{"name":"wp","href":"https:\/\/api.w.org\/{rel}","templated":true}]}}