{"id":116,"date":"2018-05-24T16:31:44","date_gmt":"2018-05-24T14:31:44","guid":{"rendered":"http:\/\/www.praxis-schwiese.de\/website\/?page_id=116"},"modified":"2019-10-05T18:37:25","modified_gmt":"2019-10-05T16:37:25","slug":"polygraphie-kleines-schlaflabor","status":"publish","type":"page","link":"http:\/\/www.praxis-schwiese.de\/website\/leistungen\/schlafuntersuchungen\/polygraphie-kleines-schlaflabor\/","title":{"rendered":"Polygraphie (kleines Schlaflabor)"},"content":{"rendered":"<p>Bei unklaren Schlafst\u00f6rungen aber auch bei Vorhandensein von Tagesm\u00fcdigkeit, oft vergesellschaftet mit Schnarchen und Atempausen, ist die Durchf\u00fchrung einer Polygraphie notwendig. Das Polygraphieger\u00e4t wird tags\u00fcber in einem Koffer befindlich abgeholt und zur Nacht angelegt. Der Schlaf wird durch das Ger\u00e4t i.d. R. kaum beeinflu\u00dft. Registriert werden k\u00f6nnen die Schnarchger\u00e4usche, der Sauerstoffgehalt \u00fcber die Nacht, die Anzahl der Herzschl\u00e4ge pro Minute und die Atempausen. Auch werden die Bewegungen von Brustkorb und Bauch registriert. Nach der n\u00e4chtlichen Messung wird das Ger\u00e4t wieder zur\u00fcckgebracht und der Befund besprochen. Bei Nachweis eines h\u00e4ufig vorkommenden obstruktiven Schlafapnoe-Syndroms wird der Betroffene i.R. in ein Schlaflabor eingewiesen. Bei V.a. Vorliegen einer neurologisch\/psychiatrisch bedingten Schlafst\u00f6rung wird ev. auch eine station\u00e4re Diagnostik in einer speziell daf\u00fcr ausgerichteten Schlaflaboreinheit empfohlen.<br \/>\nAuch werden mittels Polygraphie h\u00e4usliche Kontrolluntersuchungen unter Beatmung durchgef\u00fchrt. Regelm\u00e4\u00dfige Kontrolluntersuchungen sollten bei Patienten mit obstruktivem Schlafapnoe-Syndrom unter Beatmung erfolgen.<\/p>\n","protected":false},"excerpt":{"rendered":"<p>Bei unklaren Schlafst\u00f6rungen aber auch bei Vorhandensein von Tagesm\u00fcdigkeit, oft vergesellschaftet mit Schnarchen und Atempausen, ist die Durchf\u00fchrung einer Polygraphie notwendig. Das Polygraphieger\u00e4t wird tags\u00fcber in einem Koffer befindlich abgeholt und zur Nacht angelegt. Der Schlaf wird durch das Ger\u00e4t i.d. R. kaum beeinflu\u00dft. Registriert werden k\u00f6nnen die Schnarchger\u00e4usche, der Sauerstoffgehalt \u00fcber die Nacht, die &hellip;<\/p>\n<p class=\"read-more\"> <a class=\"\" href=\"http:\/\/www.praxis-schwiese.de\/website\/leistungen\/schlafuntersuchungen\/polygraphie-kleines-schlaflabor\/\"> <span class=\"screen-reader-text\">Polygraphie (kleines Schlaflabor)<\/span> Weiterlesen &raquo;<\/a><\/p>\n","protected":false},"author":1,"featured_media":0,"parent":114,"menu_order":0,"comment_status":"closed","ping_status":"closed","template":"","meta":{"site-sidebar-layout":"default","site-content-layout":"default","ast-global-header-display":"","ast-main-header-display":"","ast-hfb-above-header-display":"","ast-hfb-below-header-display":"","ast-hfb-mobile-header-display":"","site-post-title":"","ast-breadcrumbs-content":"","ast-featured-img":"","footer-sml-layout":"","theme-transparent-header-meta":"","adv-header-id-meta":"","stick-header-meta":"","header-above-stick-meta":"","header-main-stick-meta":"","header-below-stick-meta":"","footnotes":""},"categories":[5],"tags":[],"class_list":["post-116","page","type-page","status-publish","hentry","category-leistungen"],"yoast_head":"<!-- This site is optimized with the Yoast SEO plugin v19.7.1 - https:\/\/yoast.com\/wordpress\/plugins\/seo\/ -->\n<title>Polygraphie (kleines Schlaflabor) - Praxis Dr. med. J\u00fcrgen Schwiese<\/title>\n<meta name=\"robots\" content=\"index, follow, max-snippet:-1, max-image-preview:large, max-video-preview:-1\" \/>\n<link rel=\"canonical\" href=\"http:\/\/www.praxis-schwiese.de\/website\/leistungen\/schlafuntersuchungen\/polygraphie-kleines-schlaflabor\/\" \/>\n<meta property=\"og:locale\" content=\"de_DE\" \/>\n<meta property=\"og:type\" content=\"article\" \/>\n<meta property=\"og:title\" content=\"Polygraphie (kleines Schlaflabor) - Praxis Dr. med. J\u00fcrgen Schwiese\" \/>\n<meta property=\"og:description\" content=\"Bei unklaren Schlafst\u00f6rungen aber auch bei Vorhandensein von Tagesm\u00fcdigkeit, oft vergesellschaftet mit Schnarchen und Atempausen, ist die Durchf\u00fchrung einer Polygraphie notwendig. Das Polygraphieger\u00e4t wird tags\u00fcber in einem Koffer befindlich abgeholt und zur Nacht angelegt. Der Schlaf wird durch das Ger\u00e4t i.d. R. kaum beeinflu\u00dft. Registriert werden k\u00f6nnen die Schnarchger\u00e4usche, der Sauerstoffgehalt \u00fcber die Nacht, die &hellip; Polygraphie (kleines Schlaflabor) Weiterlesen &raquo;\" \/>\n<meta property=\"og:url\" content=\"http:\/\/www.praxis-schwiese.de\/website\/leistungen\/schlafuntersuchungen\/polygraphie-kleines-schlaflabor\/\" \/>\n<meta property=\"og:site_name\" content=\"Praxis Dr. med. J\u00fcrgen Schwiese\" \/>\n<meta property=\"article:modified_time\" content=\"2019-10-05T16:37:25+00:00\" \/>\n<meta name=\"twitter:card\" content=\"summary_large_image\" \/>\n<meta name=\"twitter:label1\" content=\"Gesch\u00e4tzte Lesezeit\" \/>\n\t<meta name=\"twitter:data1\" content=\"1\u00a0Minute\" \/>\n<script type=\"application\/ld+json\" class=\"yoast-schema-graph\">{\"@context\":\"https:\/\/schema.org\",\"@graph\":[{\"@type\":\"WebPage\",\"@id\":\"http:\/\/www.praxis-schwiese.de\/website\/leistungen\/schlafuntersuchungen\/polygraphie-kleines-schlaflabor\/\",\"url\":\"http:\/\/www.praxis-schwiese.de\/website\/leistungen\/schlafuntersuchungen\/polygraphie-kleines-schlaflabor\/\",\"name\":\"Polygraphie (kleines Schlaflabor) - Praxis Dr. med. J\u00fcrgen Schwiese\",\"isPartOf\":{\"@id\":\"http:\/\/www.praxis-schwiese.de\/website\/#website\"},\"datePublished\":\"2018-05-24T14:31:44+00:00\",\"dateModified\":\"2019-10-05T16:37:25+00:00\",\"breadcrumb\":{\"@id\":\"http:\/\/www.praxis-schwiese.de\/website\/leistungen\/schlafuntersuchungen\/polygraphie-kleines-schlaflabor\/#breadcrumb\"},\"inLanguage\":\"de\",\"potentialAction\":[{\"@type\":\"ReadAction\",\"target\":[\"http:\/\/www.praxis-schwiese.de\/website\/leistungen\/schlafuntersuchungen\/polygraphie-kleines-schlaflabor\/\"]}]},{\"@type\":\"BreadcrumbList\",\"@id\":\"http:\/\/www.praxis-schwiese.de\/website\/leistungen\/schlafuntersuchungen\/polygraphie-kleines-schlaflabor\/#breadcrumb\",\"itemListElement\":[{\"@type\":\"ListItem\",\"position\":1,\"name\":\"Startseite\",\"item\":\"http:\/\/www.praxis-schwiese.de\/website\/\"},{\"@type\":\"ListItem\",\"position\":2,\"name\":\"Leistungen\",\"item\":\"http:\/\/www.praxis-schwiese.de\/website\/leistungen\/\"},{\"@type\":\"ListItem\",\"position\":3,\"name\":\"Schlafuntersuchungen\",\"item\":\"http:\/\/www.praxis-schwiese.de\/website\/leistungen\/schlafuntersuchungen\/\"},{\"@type\":\"ListItem\",\"position\":4,\"name\":\"Polygraphie (kleines Schlaflabor)\"}]},{\"@type\":\"WebSite\",\"@id\":\"http:\/\/www.praxis-schwiese.de\/website\/#website\",\"url\":\"http:\/\/www.praxis-schwiese.de\/website\/\",\"name\":\"Praxis Dr. med. J\u00fcrgen Schwiese\",\"description\":\"Facharztpraxis f\u00fcr Innere Medizin, Lungen- und Bronchialheilkunde, Allergologie\",\"publisher\":{\"@id\":\"http:\/\/www.praxis-schwiese.de\/website\/#organization\"},\"potentialAction\":[{\"@type\":\"SearchAction\",\"target\":{\"@type\":\"EntryPoint\",\"urlTemplate\":\"http:\/\/www.praxis-schwiese.de\/website\/?s={search_term_string}\"},\"query-input\":\"required name=search_term_string\"}],\"inLanguage\":\"de\"},{\"@type\":\"Organization\",\"@id\":\"http:\/\/www.praxis-schwiese.de\/website\/#organization\",\"name\":\"Praxis Dr. J\u00fcrgen Schwiese\",\"url\":\"http:\/\/www.praxis-schwiese.de\/website\/\",\"sameAs\":[],\"logo\":{\"@type\":\"ImageObject\",\"inLanguage\":\"de\",\"@id\":\"http:\/\/www.praxis-schwiese.de\/website\/#\/schema\/logo\/image\/\",\"url\":\"http:\/\/www.praxis-schwiese.de\/website\/wp-content\/uploads\/2019\/10\/header_250-1.png\",\"contentUrl\":\"http:\/\/www.praxis-schwiese.de\/website\/wp-content\/uploads\/2019\/10\/header_250-1.png\",\"width\":275,\"height\":91,\"caption\":\"Praxis Dr. J\u00fcrgen Schwiese\"},\"image\":{\"@id\":\"http:\/\/www.praxis-schwiese.de\/website\/#\/schema\/logo\/image\/\"}}]}<\/script>\n<!-- \/ Yoast SEO plugin. -->","yoast_head_json":{"title":"Polygraphie (kleines Schlaflabor) - Praxis Dr. med. J\u00fcrgen Schwiese","robots":{"index":"index","follow":"follow","max-snippet":"max-snippet:-1","max-image-preview":"max-image-preview:large","max-video-preview":"max-video-preview:-1"},"canonical":"http:\/\/www.praxis-schwiese.de\/website\/leistungen\/schlafuntersuchungen\/polygraphie-kleines-schlaflabor\/","og_locale":"de_DE","og_type":"article","og_title":"Polygraphie (kleines Schlaflabor) - Praxis Dr. med. J\u00fcrgen Schwiese","og_description":"Bei unklaren Schlafst\u00f6rungen aber auch bei Vorhandensein von Tagesm\u00fcdigkeit, oft vergesellschaftet mit Schnarchen und Atempausen, ist die Durchf\u00fchrung einer Polygraphie notwendig. Das Polygraphieger\u00e4t wird tags\u00fcber in einem Koffer befindlich abgeholt und zur Nacht angelegt. Der Schlaf wird durch das Ger\u00e4t i.d. R. kaum beeinflu\u00dft. Registriert werden k\u00f6nnen die Schnarchger\u00e4usche, der Sauerstoffgehalt \u00fcber die Nacht, die &hellip; Polygraphie (kleines Schlaflabor) Weiterlesen &raquo;","og_url":"http:\/\/www.praxis-schwiese.de\/website\/leistungen\/schlafuntersuchungen\/polygraphie-kleines-schlaflabor\/","og_site_name":"Praxis Dr. med. J\u00fcrgen Schwiese","article_modified_time":"2019-10-05T16:37:25+00:00","twitter_card":"summary_large_image","twitter_misc":{"Gesch\u00e4tzte Lesezeit":"1\u00a0Minute"},"schema":{"@context":"https:\/\/schema.org","@graph":[{"@type":"WebPage","@id":"http:\/\/www.praxis-schwiese.de\/website\/leistungen\/schlafuntersuchungen\/polygraphie-kleines-schlaflabor\/","url":"http:\/\/www.praxis-schwiese.de\/website\/leistungen\/schlafuntersuchungen\/polygraphie-kleines-schlaflabor\/","name":"Polygraphie (kleines Schlaflabor) - Praxis Dr. med. J\u00fcrgen Schwiese","isPartOf":{"@id":"http:\/\/www.praxis-schwiese.de\/website\/#website"},"datePublished":"2018-05-24T14:31:44+00:00","dateModified":"2019-10-05T16:37:25+00:00","breadcrumb":{"@id":"http:\/\/www.praxis-schwiese.de\/website\/leistungen\/schlafuntersuchungen\/polygraphie-kleines-schlaflabor\/#breadcrumb"},"inLanguage":"de","potentialAction":[{"@type":"ReadAction","target":["http:\/\/www.praxis-schwiese.de\/website\/leistungen\/schlafuntersuchungen\/polygraphie-kleines-schlaflabor\/"]}]},{"@type":"BreadcrumbList","@id":"http:\/\/www.praxis-schwiese.de\/website\/leistungen\/schlafuntersuchungen\/polygraphie-kleines-schlaflabor\/#breadcrumb","itemListElement":[{"@type":"ListItem","position":1,"name":"Startseite","item":"http:\/\/www.praxis-schwiese.de\/website\/"},{"@type":"ListItem","position":2,"name":"Leistungen","item":"http:\/\/www.praxis-schwiese.de\/website\/leistungen\/"},{"@type":"ListItem","position":3,"name":"Schlafuntersuchungen","item":"http:\/\/www.praxis-schwiese.de\/website\/leistungen\/schlafuntersuchungen\/"},{"@type":"ListItem","position":4,"name":"Polygraphie (kleines Schlaflabor)"}]},{"@type":"WebSite","@id":"http:\/\/www.praxis-schwiese.de\/website\/#website","url":"http:\/\/www.praxis-schwiese.de\/website\/","name":"Praxis Dr. med. J\u00fcrgen Schwiese","description":"Facharztpraxis f\u00fcr Innere Medizin, Lungen- und Bronchialheilkunde, Allergologie","publisher":{"@id":"http:\/\/www.praxis-schwiese.de\/website\/#organization"},"potentialAction":[{"@type":"SearchAction","target":{"@type":"EntryPoint","urlTemplate":"http:\/\/www.praxis-schwiese.de\/website\/?s={search_term_string}"},"query-input":"required name=search_term_string"}],"inLanguage":"de"},{"@type":"Organization","@id":"http:\/\/www.praxis-schwiese.de\/website\/#organization","name":"Praxis Dr. J\u00fcrgen Schwiese","url":"http:\/\/www.praxis-schwiese.de\/website\/","sameAs":[],"logo":{"@type":"ImageObject","inLanguage":"de","@id":"http:\/\/www.praxis-schwiese.de\/website\/#\/schema\/logo\/image\/","url":"http:\/\/www.praxis-schwiese.de\/website\/wp-content\/uploads\/2019\/10\/header_250-1.png","contentUrl":"http:\/\/www.praxis-schwiese.de\/website\/wp-content\/uploads\/2019\/10\/header_250-1.png","width":275,"height":91,"caption":"Praxis Dr. J\u00fcrgen Schwiese"},"image":{"@id":"http:\/\/www.praxis-schwiese.de\/website\/#\/schema\/logo\/image\/"}}]}},"uagb_featured_image_src":{"full":false,"thumbnail":false,"medium":false,"medium_large":false,"large":false,"1536x1536":false,"2048x2048":false},"uagb_author_info":{"display_name":"rolfwin","author_link":"http:\/\/www.praxis-schwiese.de\/website\/author\/rolfwin\/"},"uagb_comment_info":0,"uagb_excerpt":"Bei unklaren Schlafst\u00f6rungen aber auch bei Vorhandensein von Tagesm\u00fcdigkeit, oft vergesellschaftet mit Schnarchen und Atempausen, ist die Durchf\u00fchrung einer Polygraphie notwendig. Das Polygraphieger\u00e4t wird tags\u00fcber in einem Koffer befindlich abgeholt und zur Nacht angelegt. Der Schlaf wird durch das Ger\u00e4t i.d. R. kaum beeinflu\u00dft. Registriert werden k\u00f6nnen die Schnarchger\u00e4usche, der Sauerstoffgehalt \u00fcber die Nacht, die&hellip;","_links":{"self":[{"href":"http:\/\/www.praxis-schwiese.de\/website\/wp-json\/wp\/v2\/pages\/116","targetHints":{"allow":["GET"]}}],"collection":[{"href":"http:\/\/www.praxis-schwiese.de\/website\/wp-json\/wp\/v2\/pages"}],"about":[{"href":"http:\/\/www.praxis-schwiese.de\/website\/wp-json\/wp\/v2\/types\/page"}],"author":[{"embeddable":true,"href":"http:\/\/www.praxis-schwiese.de\/website\/wp-json\/wp\/v2\/users\/1"}],"replies":[{"embeddable":true,"href":"http:\/\/www.praxis-schwiese.de\/website\/wp-json\/wp\/v2\/comments?post=116"}],"version-history":[{"count":1,"href":"http:\/\/www.praxis-schwiese.de\/website\/wp-json\/wp\/v2\/pages\/116\/revisions"}],"predecessor-version":[{"id":117,"href":"http:\/\/www.praxis-schwiese.de\/website\/wp-json\/wp\/v2\/pages\/116\/revisions\/117"}],"up":[{"embeddable":true,"href":"http:\/\/www.praxis-schwiese.de\/website\/wp-json\/wp\/v2\/pages\/114"}],"wp:attachment":[{"href":"http:\/\/www.praxis-schwiese.de\/website\/wp-json\/wp\/v2\/media?parent=116"}],"wp:term":[{"taxonomy":"category","embeddable":true,"href":"http:\/\/www.praxis-schwiese.de\/website\/wp-json\/wp\/v2\/categories?post=116"},{"taxonomy":"post_tag","embeddable":true,"href":"http:\/\/www.praxis-schwiese.de\/website\/wp-json\/wp\/v2\/tags?post=116"}],"curies":[{"name":"wp","href":"https:\/\/api.w.org\/{rel}","templated":true}]}}