{"id":114,"date":"2018-05-24T16:31:07","date_gmt":"2018-05-24T14:31:07","guid":{"rendered":"http:\/\/www.praxis-schwiese.de\/website\/?page_id=114"},"modified":"2019-10-30T18:54:46","modified_gmt":"2019-10-30T17:54:46","slug":"schlafuntersuchungen","status":"publish","type":"page","link":"http:\/\/www.praxis-schwiese.de\/website\/leistungen\/schlafuntersuchungen\/","title":{"rendered":"Schlafuntersuchungen"},"content":{"rendered":"<p><a href=\"http:\/\/www.praxis-schwiese.de\/website\/wp-content\/uploads\/2019\/10\/schlafen.jpg\"><img loading=\"lazy\" decoding=\"async\" class=\"alignright size-medium wp-image-438\" src=\"http:\/\/www.praxis-schwiese.de\/website\/wp-content\/uploads\/2019\/10\/schlafen-300x225.jpg\" alt=\"\" width=\"300\" height=\"225\" srcset=\"http:\/\/www.praxis-schwiese.de\/website\/wp-content\/uploads\/2019\/10\/schlafen-300x225.jpg 300w, http:\/\/www.praxis-schwiese.de\/website\/wp-content\/uploads\/2019\/10\/schlafen.jpg 640w\" sizes=\"auto, (max-width: 300px) 100vw, 300px\" \/><\/a>Bei Schlafst\u00f6rungen bzw. Tagesm\u00fcdigkeit, aber auch bei ausschlie\u00dflich n\u00e4chtlichem Bluthochdruck sollte eine n\u00e4chtliche \u201eSchlafaufzeichnung\u201c, eine Polygraphie, durchgef\u00fchrt werden. Sie erfolgt zun\u00e4chst ambulant und wird danach eventuell durch eine station\u00e4re Abkl\u00e4rung in einem Schlaflabor, bei der noch zus\u00e4tzlich EEG-Ableitungen auf die Kopfhaut aufgeklebt werden, erg\u00e4nzt.<\/p>\n","protected":false},"excerpt":{"rendered":"<p>Bei Schlafst\u00f6rungen bzw. Tagesm\u00fcdigkeit, aber auch bei ausschlie\u00dflich n\u00e4chtlichem Bluthochdruck sollte eine n\u00e4chtliche \u201eSchlafaufzeichnung\u201c, eine Polygraphie, durchgef\u00fchrt werden. Sie erfolgt zun\u00e4chst ambulant und wird danach eventuell durch eine station\u00e4re Abkl\u00e4rung in einem Schlaflabor, bei der noch zus\u00e4tzlich EEG-Ableitungen auf die Kopfhaut aufgeklebt werden, erg\u00e4nzt.<\/p>\n","protected":false},"author":1,"featured_media":0,"parent":56,"menu_order":0,"comment_status":"closed","ping_status":"closed","template":"","meta":{"site-sidebar-layout":"default","site-content-layout":"default","ast-global-header-display":"","ast-main-header-display":"","ast-hfb-above-header-display":"","ast-hfb-below-header-display":"","ast-hfb-mobile-header-display":"","site-post-title":"","ast-breadcrumbs-content":"","ast-featured-img":"","footer-sml-layout":"","theme-transparent-header-meta":"default","adv-header-id-meta":"","stick-header-meta":"","header-above-stick-meta":"","header-main-stick-meta":"","header-below-stick-meta":"","footnotes":""},"categories":[5],"tags":[],"class_list":["post-114","page","type-page","status-publish","hentry","category-leistungen"],"yoast_head":"<!-- This site is optimized with the Yoast SEO plugin v19.7.1 - https:\/\/yoast.com\/wordpress\/plugins\/seo\/ -->\n<title>Schlafuntersuchungen - Praxis Dr. med. J\u00fcrgen Schwiese<\/title>\n<meta name=\"robots\" content=\"index, follow, max-snippet:-1, max-image-preview:large, max-video-preview:-1\" \/>\n<link rel=\"canonical\" href=\"http:\/\/www.praxis-schwiese.de\/website\/leistungen\/schlafuntersuchungen\/\" \/>\n<meta property=\"og:locale\" content=\"de_DE\" \/>\n<meta property=\"og:type\" content=\"article\" \/>\n<meta property=\"og:title\" content=\"Schlafuntersuchungen - Praxis Dr. med. J\u00fcrgen Schwiese\" \/>\n<meta property=\"og:description\" content=\"Bei Schlafst\u00f6rungen bzw. Tagesm\u00fcdigkeit, aber auch bei ausschlie\u00dflich n\u00e4chtlichem Bluthochdruck sollte eine n\u00e4chtliche \u201eSchlafaufzeichnung\u201c, eine Polygraphie, durchgef\u00fchrt werden. Sie erfolgt zun\u00e4chst ambulant und wird danach eventuell durch eine station\u00e4re Abkl\u00e4rung in einem Schlaflabor, bei der noch zus\u00e4tzlich EEG-Ableitungen auf die Kopfhaut aufgeklebt werden, erg\u00e4nzt.\" \/>\n<meta property=\"og:url\" content=\"http:\/\/www.praxis-schwiese.de\/website\/leistungen\/schlafuntersuchungen\/\" \/>\n<meta property=\"og:site_name\" content=\"Praxis Dr. med. J\u00fcrgen Schwiese\" \/>\n<meta property=\"article:modified_time\" content=\"2019-10-30T17:54:46+00:00\" \/>\n<meta property=\"og:image\" content=\"http:\/\/www.praxis-schwiese.de\/website\/wp-content\/uploads\/2019\/10\/schlafen-300x225.jpg\" \/>\n<meta name=\"twitter:card\" content=\"summary_large_image\" \/>\n<script type=\"application\/ld+json\" class=\"yoast-schema-graph\">{\"@context\":\"https:\/\/schema.org\",\"@graph\":[{\"@type\":\"WebPage\",\"@id\":\"http:\/\/www.praxis-schwiese.de\/website\/leistungen\/schlafuntersuchungen\/\",\"url\":\"http:\/\/www.praxis-schwiese.de\/website\/leistungen\/schlafuntersuchungen\/\",\"name\":\"Schlafuntersuchungen - Praxis Dr. med. J\u00fcrgen Schwiese\",\"isPartOf\":{\"@id\":\"http:\/\/www.praxis-schwiese.de\/website\/#website\"},\"datePublished\":\"2018-05-24T14:31:07+00:00\",\"dateModified\":\"2019-10-30T17:54:46+00:00\",\"breadcrumb\":{\"@id\":\"http:\/\/www.praxis-schwiese.de\/website\/leistungen\/schlafuntersuchungen\/#breadcrumb\"},\"inLanguage\":\"de\",\"potentialAction\":[{\"@type\":\"ReadAction\",\"target\":[\"http:\/\/www.praxis-schwiese.de\/website\/leistungen\/schlafuntersuchungen\/\"]}]},{\"@type\":\"BreadcrumbList\",\"@id\":\"http:\/\/www.praxis-schwiese.de\/website\/leistungen\/schlafuntersuchungen\/#breadcrumb\",\"itemListElement\":[{\"@type\":\"ListItem\",\"position\":1,\"name\":\"Startseite\",\"item\":\"http:\/\/www.praxis-schwiese.de\/website\/\"},{\"@type\":\"ListItem\",\"position\":2,\"name\":\"Leistungen\",\"item\":\"http:\/\/www.praxis-schwiese.de\/website\/leistungen\/\"},{\"@type\":\"ListItem\",\"position\":3,\"name\":\"Schlafuntersuchungen\"}]},{\"@type\":\"WebSite\",\"@id\":\"http:\/\/www.praxis-schwiese.de\/website\/#website\",\"url\":\"http:\/\/www.praxis-schwiese.de\/website\/\",\"name\":\"Praxis Dr. med. J\u00fcrgen Schwiese\",\"description\":\"Facharztpraxis f\u00fcr Innere Medizin, Lungen- und Bronchialheilkunde, Allergologie\",\"publisher\":{\"@id\":\"http:\/\/www.praxis-schwiese.de\/website\/#organization\"},\"potentialAction\":[{\"@type\":\"SearchAction\",\"target\":{\"@type\":\"EntryPoint\",\"urlTemplate\":\"http:\/\/www.praxis-schwiese.de\/website\/?s={search_term_string}\"},\"query-input\":\"required name=search_term_string\"}],\"inLanguage\":\"de\"},{\"@type\":\"Organization\",\"@id\":\"http:\/\/www.praxis-schwiese.de\/website\/#organization\",\"name\":\"Praxis Dr. J\u00fcrgen Schwiese\",\"url\":\"http:\/\/www.praxis-schwiese.de\/website\/\",\"sameAs\":[],\"logo\":{\"@type\":\"ImageObject\",\"inLanguage\":\"de\",\"@id\":\"http:\/\/www.praxis-schwiese.de\/website\/#\/schema\/logo\/image\/\",\"url\":\"http:\/\/www.praxis-schwiese.de\/website\/wp-content\/uploads\/2019\/10\/header_250-1.png\",\"contentUrl\":\"http:\/\/www.praxis-schwiese.de\/website\/wp-content\/uploads\/2019\/10\/header_250-1.png\",\"width\":275,\"height\":91,\"caption\":\"Praxis Dr. J\u00fcrgen Schwiese\"},\"image\":{\"@id\":\"http:\/\/www.praxis-schwiese.de\/website\/#\/schema\/logo\/image\/\"}}]}<\/script>\n<!-- \/ Yoast SEO plugin. -->","yoast_head_json":{"title":"Schlafuntersuchungen - Praxis Dr. med. J\u00fcrgen Schwiese","robots":{"index":"index","follow":"follow","max-snippet":"max-snippet:-1","max-image-preview":"max-image-preview:large","max-video-preview":"max-video-preview:-1"},"canonical":"http:\/\/www.praxis-schwiese.de\/website\/leistungen\/schlafuntersuchungen\/","og_locale":"de_DE","og_type":"article","og_title":"Schlafuntersuchungen - Praxis Dr. med. J\u00fcrgen Schwiese","og_description":"Bei Schlafst\u00f6rungen bzw. Tagesm\u00fcdigkeit, aber auch bei ausschlie\u00dflich n\u00e4chtlichem Bluthochdruck sollte eine n\u00e4chtliche \u201eSchlafaufzeichnung\u201c, eine Polygraphie, durchgef\u00fchrt werden. Sie erfolgt zun\u00e4chst ambulant und wird danach eventuell durch eine station\u00e4re Abkl\u00e4rung in einem Schlaflabor, bei der noch zus\u00e4tzlich EEG-Ableitungen auf die Kopfhaut aufgeklebt werden, erg\u00e4nzt.","og_url":"http:\/\/www.praxis-schwiese.de\/website\/leistungen\/schlafuntersuchungen\/","og_site_name":"Praxis Dr. med. J\u00fcrgen Schwiese","article_modified_time":"2019-10-30T17:54:46+00:00","og_image":[{"url":"http:\/\/www.praxis-schwiese.de\/website\/wp-content\/uploads\/2019\/10\/schlafen-300x225.jpg"}],"twitter_card":"summary_large_image","schema":{"@context":"https:\/\/schema.org","@graph":[{"@type":"WebPage","@id":"http:\/\/www.praxis-schwiese.de\/website\/leistungen\/schlafuntersuchungen\/","url":"http:\/\/www.praxis-schwiese.de\/website\/leistungen\/schlafuntersuchungen\/","name":"Schlafuntersuchungen - Praxis Dr. med. J\u00fcrgen Schwiese","isPartOf":{"@id":"http:\/\/www.praxis-schwiese.de\/website\/#website"},"datePublished":"2018-05-24T14:31:07+00:00","dateModified":"2019-10-30T17:54:46+00:00","breadcrumb":{"@id":"http:\/\/www.praxis-schwiese.de\/website\/leistungen\/schlafuntersuchungen\/#breadcrumb"},"inLanguage":"de","potentialAction":[{"@type":"ReadAction","target":["http:\/\/www.praxis-schwiese.de\/website\/leistungen\/schlafuntersuchungen\/"]}]},{"@type":"BreadcrumbList","@id":"http:\/\/www.praxis-schwiese.de\/website\/leistungen\/schlafuntersuchungen\/#breadcrumb","itemListElement":[{"@type":"ListItem","position":1,"name":"Startseite","item":"http:\/\/www.praxis-schwiese.de\/website\/"},{"@type":"ListItem","position":2,"name":"Leistungen","item":"http:\/\/www.praxis-schwiese.de\/website\/leistungen\/"},{"@type":"ListItem","position":3,"name":"Schlafuntersuchungen"}]},{"@type":"WebSite","@id":"http:\/\/www.praxis-schwiese.de\/website\/#website","url":"http:\/\/www.praxis-schwiese.de\/website\/","name":"Praxis Dr. med. J\u00fcrgen Schwiese","description":"Facharztpraxis f\u00fcr Innere Medizin, Lungen- und Bronchialheilkunde, Allergologie","publisher":{"@id":"http:\/\/www.praxis-schwiese.de\/website\/#organization"},"potentialAction":[{"@type":"SearchAction","target":{"@type":"EntryPoint","urlTemplate":"http:\/\/www.praxis-schwiese.de\/website\/?s={search_term_string}"},"query-input":"required name=search_term_string"}],"inLanguage":"de"},{"@type":"Organization","@id":"http:\/\/www.praxis-schwiese.de\/website\/#organization","name":"Praxis Dr. J\u00fcrgen Schwiese","url":"http:\/\/www.praxis-schwiese.de\/website\/","sameAs":[],"logo":{"@type":"ImageObject","inLanguage":"de","@id":"http:\/\/www.praxis-schwiese.de\/website\/#\/schema\/logo\/image\/","url":"http:\/\/www.praxis-schwiese.de\/website\/wp-content\/uploads\/2019\/10\/header_250-1.png","contentUrl":"http:\/\/www.praxis-schwiese.de\/website\/wp-content\/uploads\/2019\/10\/header_250-1.png","width":275,"height":91,"caption":"Praxis Dr. J\u00fcrgen Schwiese"},"image":{"@id":"http:\/\/www.praxis-schwiese.de\/website\/#\/schema\/logo\/image\/"}}]}},"uagb_featured_image_src":{"full":false,"thumbnail":false,"medium":false,"medium_large":false,"large":false,"1536x1536":false,"2048x2048":false},"uagb_author_info":{"display_name":"rolfwin","author_link":"http:\/\/www.praxis-schwiese.de\/website\/author\/rolfwin\/"},"uagb_comment_info":0,"uagb_excerpt":"Bei Schlafst\u00f6rungen bzw. Tagesm\u00fcdigkeit, aber auch bei ausschlie\u00dflich n\u00e4chtlichem Bluthochdruck sollte eine n\u00e4chtliche \u201eSchlafaufzeichnung\u201c, eine Polygraphie, durchgef\u00fchrt werden. Sie erfolgt zun\u00e4chst ambulant und wird danach eventuell durch eine station\u00e4re Abkl\u00e4rung in einem Schlaflabor, bei der noch zus\u00e4tzlich EEG-Ableitungen auf die Kopfhaut aufgeklebt werden, erg\u00e4nzt.","_links":{"self":[{"href":"http:\/\/www.praxis-schwiese.de\/website\/wp-json\/wp\/v2\/pages\/114","targetHints":{"allow":["GET"]}}],"collection":[{"href":"http:\/\/www.praxis-schwiese.de\/website\/wp-json\/wp\/v2\/pages"}],"about":[{"href":"http:\/\/www.praxis-schwiese.de\/website\/wp-json\/wp\/v2\/types\/page"}],"author":[{"embeddable":true,"href":"http:\/\/www.praxis-schwiese.de\/website\/wp-json\/wp\/v2\/users\/1"}],"replies":[{"embeddable":true,"href":"http:\/\/www.praxis-schwiese.de\/website\/wp-json\/wp\/v2\/comments?post=114"}],"version-history":[{"count":2,"href":"http:\/\/www.praxis-schwiese.de\/website\/wp-json\/wp\/v2\/pages\/114\/revisions"}],"predecessor-version":[{"id":439,"href":"http:\/\/www.praxis-schwiese.de\/website\/wp-json\/wp\/v2\/pages\/114\/revisions\/439"}],"up":[{"embeddable":true,"href":"http:\/\/www.praxis-schwiese.de\/website\/wp-json\/wp\/v2\/pages\/56"}],"wp:attachment":[{"href":"http:\/\/www.praxis-schwiese.de\/website\/wp-json\/wp\/v2\/media?parent=114"}],"wp:term":[{"taxonomy":"category","embeddable":true,"href":"http:\/\/www.praxis-schwiese.de\/website\/wp-json\/wp\/v2\/categories?post=114"},{"taxonomy":"post_tag","embeddable":true,"href":"http:\/\/www.praxis-schwiese.de\/website\/wp-json\/wp\/v2\/tags?post=114"}],"curies":[{"name":"wp","href":"https:\/\/api.w.org\/{rel}","templated":true}]}}