{"id":112,"date":"2018-05-24T16:30:33","date_gmt":"2018-05-24T14:30:33","guid":{"rendered":"http:\/\/www.praxis-schwiese.de\/website\/?page_id=112"},"modified":"2019-10-05T18:37:25","modified_gmt":"2019-10-05T16:37:25","slug":"videobronchoskopie","status":"publish","type":"page","link":"http:\/\/www.praxis-schwiese.de\/website\/leistungen\/videobronchoskopie\/","title":{"rendered":"Videobronchoskopie"},"content":{"rendered":"<p>Es ist eine Spiegelung der Luftr\u00f6hre und der Bronchien. Die Luftr\u00f6hre und die Bronchien entsprechen einem \u201eR\u00f6hrensystem\u201c. Die Schleimhaut der Luftr\u00f6hre und die der Bronchien k\u00f6nnen dabei bis in ihre Aufzweigungen eingesehen werden.<\/p>\n<p>Das Videobronchoskop ist eine Weiterentwicklung des Fiberbronchoskops. Es ist hochmodern und hat die Vorteile der h\u00f6heren Bildaufl\u00f6sung, so dass auch kleinste Ver\u00e4nderungen der Bronchialschleimhaut besser erkannt werden.<\/p>\n<p>Das Bronchoskop ist ein schlauchartiges biegsames Ger\u00e4t, das aus einer Lichtquelle und einer Kamera besteht. Das elektronische Endoskop, das Videobronchoskop, besitzt an seiner Spitze einen CCD-Bildwandlerchip. S\u00e4mtliche Untersuchungen werden mittels CD aufgezeichnet.<\/p>\n<p>Die Videobronchoskopie erfolgt in den R\u00e4umen der Endoskopie des Marien-Hospitals Duisburg. Hier f\u00fchre ich selbst morgens die Untersuchung durch. Die Untersuchung erfolgt aus Sicherheitsgr\u00fcnden im n\u00fcchternen Zustand. Wichtige Medikamente k\u00f6nnen vorher aber eingenommen werden.<\/p>\n<p>Die Schleimhaut von Nase und Rachen wird mit einem Medikament, das mittels Blasebalg gespr\u00fcht wird, oberfl\u00e4chlich bet\u00e4ubt. Das Bronchoskop wird n\u00e4mlich vorzugsweise \u00fcber die Nase in den Rachen und dann in Luftr\u00f6hre und Bronchien eingef\u00fchrt. Zuvor erh\u00e4lt der Patient noch eine Beruhigungsspritze (in eine Armvene appliziert). Die Untersuchung, die meist ca. 10-20 Minuten andauert, wird dann vom Patienten nicht bewusst miterlebt.<\/p>\n<p>Der Sauerstoffgehalt im Blut und der Herzschlag werden w\u00e4hrend der gesamten Untersuchung registriert und beobachtet. Eine Bronchoskopie wird dann durchgef\u00fchrt, wenn Bronchialsekret z.B. auf Bakterien, Pilze oder b\u00f6sartige Zellen untersucht werden soll. Ggf. wird sie erg\u00e4nzt durch die Entnahme von Schleimhautproben. Mittels Bronchoskopie kann auch gekl\u00e4rt werden, wie ausgedehnt ein Tumor w\u00e4chst und ob der Patient unter Ber\u00fccksichtigung der Lungenfunktion operiert werden kann.<\/p>\n","protected":false},"excerpt":{"rendered":"<p>Es ist eine Spiegelung der Luftr\u00f6hre und der Bronchien. Die Luftr\u00f6hre und die Bronchien entsprechen einem \u201eR\u00f6hrensystem\u201c. Die Schleimhaut der Luftr\u00f6hre und die der Bronchien k\u00f6nnen dabei bis in ihre Aufzweigungen eingesehen werden. Das Videobronchoskop ist eine Weiterentwicklung des Fiberbronchoskops. Es ist hochmodern und hat die Vorteile der h\u00f6heren Bildaufl\u00f6sung, so dass auch kleinste Ver\u00e4nderungen &hellip;<\/p>\n<p class=\"read-more\"> <a class=\"\" href=\"http:\/\/www.praxis-schwiese.de\/website\/leistungen\/videobronchoskopie\/\"> <span class=\"screen-reader-text\">Videobronchoskopie<\/span> Weiterlesen &raquo;<\/a><\/p>\n","protected":false},"author":1,"featured_media":0,"parent":56,"menu_order":0,"comment_status":"closed","ping_status":"closed","template":"","meta":{"site-sidebar-layout":"default","site-content-layout":"default","ast-global-header-display":"","ast-main-header-display":"","ast-hfb-above-header-display":"","ast-hfb-below-header-display":"","ast-hfb-mobile-header-display":"","site-post-title":"","ast-breadcrumbs-content":"","ast-featured-img":"","footer-sml-layout":"","theme-transparent-header-meta":"","adv-header-id-meta":"","stick-header-meta":"","header-above-stick-meta":"","header-main-stick-meta":"","header-below-stick-meta":"","footnotes":""},"categories":[5],"tags":[],"class_list":["post-112","page","type-page","status-publish","hentry","category-leistungen"],"yoast_head":"<!-- This site is optimized with the Yoast SEO plugin v19.7.1 - https:\/\/yoast.com\/wordpress\/plugins\/seo\/ -->\n<title>Videobronchoskopie - Praxis Dr. med. J\u00fcrgen Schwiese<\/title>\n<meta name=\"robots\" content=\"index, follow, max-snippet:-1, max-image-preview:large, max-video-preview:-1\" \/>\n<link rel=\"canonical\" href=\"http:\/\/www.praxis-schwiese.de\/website\/leistungen\/videobronchoskopie\/\" \/>\n<meta property=\"og:locale\" content=\"de_DE\" \/>\n<meta property=\"og:type\" content=\"article\" \/>\n<meta property=\"og:title\" content=\"Videobronchoskopie - Praxis Dr. med. J\u00fcrgen Schwiese\" \/>\n<meta property=\"og:description\" content=\"Es ist eine Spiegelung der Luftr\u00f6hre und der Bronchien. Die Luftr\u00f6hre und die Bronchien entsprechen einem \u201eR\u00f6hrensystem\u201c. Die Schleimhaut der Luftr\u00f6hre und die der Bronchien k\u00f6nnen dabei bis in ihre Aufzweigungen eingesehen werden. Das Videobronchoskop ist eine Weiterentwicklung des Fiberbronchoskops. Es ist hochmodern und hat die Vorteile der h\u00f6heren Bildaufl\u00f6sung, so dass auch kleinste Ver\u00e4nderungen &hellip; Videobronchoskopie Weiterlesen &raquo;\" \/>\n<meta property=\"og:url\" content=\"http:\/\/www.praxis-schwiese.de\/website\/leistungen\/videobronchoskopie\/\" \/>\n<meta property=\"og:site_name\" content=\"Praxis Dr. med. J\u00fcrgen Schwiese\" \/>\n<meta property=\"article:modified_time\" content=\"2019-10-05T16:37:25+00:00\" \/>\n<meta name=\"twitter:card\" content=\"summary_large_image\" \/>\n<meta name=\"twitter:label1\" content=\"Gesch\u00e4tzte Lesezeit\" \/>\n\t<meta name=\"twitter:data1\" content=\"1\u00a0Minute\" \/>\n<script type=\"application\/ld+json\" class=\"yoast-schema-graph\">{\"@context\":\"https:\/\/schema.org\",\"@graph\":[{\"@type\":\"WebPage\",\"@id\":\"http:\/\/www.praxis-schwiese.de\/website\/leistungen\/videobronchoskopie\/\",\"url\":\"http:\/\/www.praxis-schwiese.de\/website\/leistungen\/videobronchoskopie\/\",\"name\":\"Videobronchoskopie - Praxis Dr. med. J\u00fcrgen Schwiese\",\"isPartOf\":{\"@id\":\"http:\/\/www.praxis-schwiese.de\/website\/#website\"},\"datePublished\":\"2018-05-24T14:30:33+00:00\",\"dateModified\":\"2019-10-05T16:37:25+00:00\",\"breadcrumb\":{\"@id\":\"http:\/\/www.praxis-schwiese.de\/website\/leistungen\/videobronchoskopie\/#breadcrumb\"},\"inLanguage\":\"de\",\"potentialAction\":[{\"@type\":\"ReadAction\",\"target\":[\"http:\/\/www.praxis-schwiese.de\/website\/leistungen\/videobronchoskopie\/\"]}]},{\"@type\":\"BreadcrumbList\",\"@id\":\"http:\/\/www.praxis-schwiese.de\/website\/leistungen\/videobronchoskopie\/#breadcrumb\",\"itemListElement\":[{\"@type\":\"ListItem\",\"position\":1,\"name\":\"Startseite\",\"item\":\"http:\/\/www.praxis-schwiese.de\/website\/\"},{\"@type\":\"ListItem\",\"position\":2,\"name\":\"Leistungen\",\"item\":\"http:\/\/www.praxis-schwiese.de\/website\/leistungen\/\"},{\"@type\":\"ListItem\",\"position\":3,\"name\":\"Videobronchoskopie\"}]},{\"@type\":\"WebSite\",\"@id\":\"http:\/\/www.praxis-schwiese.de\/website\/#website\",\"url\":\"http:\/\/www.praxis-schwiese.de\/website\/\",\"name\":\"Praxis Dr. med. J\u00fcrgen Schwiese\",\"description\":\"Facharztpraxis f\u00fcr Innere Medizin, Lungen- und Bronchialheilkunde, Allergologie\",\"publisher\":{\"@id\":\"http:\/\/www.praxis-schwiese.de\/website\/#organization\"},\"potentialAction\":[{\"@type\":\"SearchAction\",\"target\":{\"@type\":\"EntryPoint\",\"urlTemplate\":\"http:\/\/www.praxis-schwiese.de\/website\/?s={search_term_string}\"},\"query-input\":\"required name=search_term_string\"}],\"inLanguage\":\"de\"},{\"@type\":\"Organization\",\"@id\":\"http:\/\/www.praxis-schwiese.de\/website\/#organization\",\"name\":\"Praxis Dr. J\u00fcrgen Schwiese\",\"url\":\"http:\/\/www.praxis-schwiese.de\/website\/\",\"sameAs\":[],\"logo\":{\"@type\":\"ImageObject\",\"inLanguage\":\"de\",\"@id\":\"http:\/\/www.praxis-schwiese.de\/website\/#\/schema\/logo\/image\/\",\"url\":\"http:\/\/www.praxis-schwiese.de\/website\/wp-content\/uploads\/2019\/10\/header_250-1.png\",\"contentUrl\":\"http:\/\/www.praxis-schwiese.de\/website\/wp-content\/uploads\/2019\/10\/header_250-1.png\",\"width\":275,\"height\":91,\"caption\":\"Praxis Dr. J\u00fcrgen Schwiese\"},\"image\":{\"@id\":\"http:\/\/www.praxis-schwiese.de\/website\/#\/schema\/logo\/image\/\"}}]}<\/script>\n<!-- \/ Yoast SEO plugin. -->","yoast_head_json":{"title":"Videobronchoskopie - Praxis Dr. med. J\u00fcrgen Schwiese","robots":{"index":"index","follow":"follow","max-snippet":"max-snippet:-1","max-image-preview":"max-image-preview:large","max-video-preview":"max-video-preview:-1"},"canonical":"http:\/\/www.praxis-schwiese.de\/website\/leistungen\/videobronchoskopie\/","og_locale":"de_DE","og_type":"article","og_title":"Videobronchoskopie - Praxis Dr. med. J\u00fcrgen Schwiese","og_description":"Es ist eine Spiegelung der Luftr\u00f6hre und der Bronchien. Die Luftr\u00f6hre und die Bronchien entsprechen einem \u201eR\u00f6hrensystem\u201c. Die Schleimhaut der Luftr\u00f6hre und die der Bronchien k\u00f6nnen dabei bis in ihre Aufzweigungen eingesehen werden. Das Videobronchoskop ist eine Weiterentwicklung des Fiberbronchoskops. Es ist hochmodern und hat die Vorteile der h\u00f6heren Bildaufl\u00f6sung, so dass auch kleinste Ver\u00e4nderungen &hellip; Videobronchoskopie Weiterlesen &raquo;","og_url":"http:\/\/www.praxis-schwiese.de\/website\/leistungen\/videobronchoskopie\/","og_site_name":"Praxis Dr. med. J\u00fcrgen Schwiese","article_modified_time":"2019-10-05T16:37:25+00:00","twitter_card":"summary_large_image","twitter_misc":{"Gesch\u00e4tzte Lesezeit":"1\u00a0Minute"},"schema":{"@context":"https:\/\/schema.org","@graph":[{"@type":"WebPage","@id":"http:\/\/www.praxis-schwiese.de\/website\/leistungen\/videobronchoskopie\/","url":"http:\/\/www.praxis-schwiese.de\/website\/leistungen\/videobronchoskopie\/","name":"Videobronchoskopie - Praxis Dr. med. J\u00fcrgen Schwiese","isPartOf":{"@id":"http:\/\/www.praxis-schwiese.de\/website\/#website"},"datePublished":"2018-05-24T14:30:33+00:00","dateModified":"2019-10-05T16:37:25+00:00","breadcrumb":{"@id":"http:\/\/www.praxis-schwiese.de\/website\/leistungen\/videobronchoskopie\/#breadcrumb"},"inLanguage":"de","potentialAction":[{"@type":"ReadAction","target":["http:\/\/www.praxis-schwiese.de\/website\/leistungen\/videobronchoskopie\/"]}]},{"@type":"BreadcrumbList","@id":"http:\/\/www.praxis-schwiese.de\/website\/leistungen\/videobronchoskopie\/#breadcrumb","itemListElement":[{"@type":"ListItem","position":1,"name":"Startseite","item":"http:\/\/www.praxis-schwiese.de\/website\/"},{"@type":"ListItem","position":2,"name":"Leistungen","item":"http:\/\/www.praxis-schwiese.de\/website\/leistungen\/"},{"@type":"ListItem","position":3,"name":"Videobronchoskopie"}]},{"@type":"WebSite","@id":"http:\/\/www.praxis-schwiese.de\/website\/#website","url":"http:\/\/www.praxis-schwiese.de\/website\/","name":"Praxis Dr. med. J\u00fcrgen Schwiese","description":"Facharztpraxis f\u00fcr Innere Medizin, Lungen- und Bronchialheilkunde, Allergologie","publisher":{"@id":"http:\/\/www.praxis-schwiese.de\/website\/#organization"},"potentialAction":[{"@type":"SearchAction","target":{"@type":"EntryPoint","urlTemplate":"http:\/\/www.praxis-schwiese.de\/website\/?s={search_term_string}"},"query-input":"required name=search_term_string"}],"inLanguage":"de"},{"@type":"Organization","@id":"http:\/\/www.praxis-schwiese.de\/website\/#organization","name":"Praxis Dr. J\u00fcrgen Schwiese","url":"http:\/\/www.praxis-schwiese.de\/website\/","sameAs":[],"logo":{"@type":"ImageObject","inLanguage":"de","@id":"http:\/\/www.praxis-schwiese.de\/website\/#\/schema\/logo\/image\/","url":"http:\/\/www.praxis-schwiese.de\/website\/wp-content\/uploads\/2019\/10\/header_250-1.png","contentUrl":"http:\/\/www.praxis-schwiese.de\/website\/wp-content\/uploads\/2019\/10\/header_250-1.png","width":275,"height":91,"caption":"Praxis Dr. J\u00fcrgen Schwiese"},"image":{"@id":"http:\/\/www.praxis-schwiese.de\/website\/#\/schema\/logo\/image\/"}}]}},"uagb_featured_image_src":{"full":false,"thumbnail":false,"medium":false,"medium_large":false,"large":false,"1536x1536":false,"2048x2048":false},"uagb_author_info":{"display_name":"rolfwin","author_link":"http:\/\/www.praxis-schwiese.de\/website\/author\/rolfwin\/"},"uagb_comment_info":0,"uagb_excerpt":"Es ist eine Spiegelung der Luftr\u00f6hre und der Bronchien. Die Luftr\u00f6hre und die Bronchien entsprechen einem \u201eR\u00f6hrensystem\u201c. Die Schleimhaut der Luftr\u00f6hre und die der Bronchien k\u00f6nnen dabei bis in ihre Aufzweigungen eingesehen werden. Das Videobronchoskop ist eine Weiterentwicklung des Fiberbronchoskops. Es ist hochmodern und hat die Vorteile der h\u00f6heren Bildaufl\u00f6sung, so dass auch kleinste Ver\u00e4nderungen&hellip;","_links":{"self":[{"href":"http:\/\/www.praxis-schwiese.de\/website\/wp-json\/wp\/v2\/pages\/112","targetHints":{"allow":["GET"]}}],"collection":[{"href":"http:\/\/www.praxis-schwiese.de\/website\/wp-json\/wp\/v2\/pages"}],"about":[{"href":"http:\/\/www.praxis-schwiese.de\/website\/wp-json\/wp\/v2\/types\/page"}],"author":[{"embeddable":true,"href":"http:\/\/www.praxis-schwiese.de\/website\/wp-json\/wp\/v2\/users\/1"}],"replies":[{"embeddable":true,"href":"http:\/\/www.praxis-schwiese.de\/website\/wp-json\/wp\/v2\/comments?post=112"}],"version-history":[{"count":1,"href":"http:\/\/www.praxis-schwiese.de\/website\/wp-json\/wp\/v2\/pages\/112\/revisions"}],"predecessor-version":[{"id":113,"href":"http:\/\/www.praxis-schwiese.de\/website\/wp-json\/wp\/v2\/pages\/112\/revisions\/113"}],"up":[{"embeddable":true,"href":"http:\/\/www.praxis-schwiese.de\/website\/wp-json\/wp\/v2\/pages\/56"}],"wp:attachment":[{"href":"http:\/\/www.praxis-schwiese.de\/website\/wp-json\/wp\/v2\/media?parent=112"}],"wp:term":[{"taxonomy":"category","embeddable":true,"href":"http:\/\/www.praxis-schwiese.de\/website\/wp-json\/wp\/v2\/categories?post=112"},{"taxonomy":"post_tag","embeddable":true,"href":"http:\/\/www.praxis-schwiese.de\/website\/wp-json\/wp\/v2\/tags?post=112"}],"curies":[{"name":"wp","href":"https:\/\/api.w.org\/{rel}","templated":true}]}}