{"id":106,"date":"2018-05-24T16:28:57","date_gmt":"2018-05-24T14:28:57","guid":{"rendered":"http:\/\/www.praxis-schwiese.de\/website\/?page_id=106"},"modified":"2019-10-05T18:37:24","modified_gmt":"2019-10-05T16:37:24","slug":"roentgen-und-ultraschall","status":"publish","type":"page","link":"http:\/\/www.praxis-schwiese.de\/website\/leistungen\/roentgen-und-ultraschall\/","title":{"rendered":"R\u00f6ntgen und Ultraschall"},"content":{"rendered":"<p>Hier erfolgt eine bildliche Darstellung der Brustkorborgane speziell von Lunge und Herz.<\/p>\n<p>Mittels R\u00f6ntgen k\u00f6nnen zum Beispiel Lungenentz\u00fcndungen, Tumoren und \u201eVerh\u00e4rtungen\u201c des Lungengewebes wie sie z.B. bei Lungenfibrosen vorkommen, festgestellt werden.<\/p>\n<p>Mittels Ultraschall wird in erster Linie festgestellt, wie ausgedehnt eine krankhafte Fl\u00fcssigkeitsansammlung zwischen beiden Rippenfellen ist.<\/p>\n<p>Beide Untersuchungsverfahren sind f\u00fcr die Patienten schmerzfrei.<\/p>\n","protected":false},"excerpt":{"rendered":"<p>Hier erfolgt eine bildliche Darstellung der Brustkorborgane speziell von Lunge und Herz. Mittels R\u00f6ntgen k\u00f6nnen zum Beispiel Lungenentz\u00fcndungen, Tumoren und \u201eVerh\u00e4rtungen\u201c des Lungengewebes wie sie z.B. bei Lungenfibrosen vorkommen, festgestellt werden. Mittels Ultraschall wird in erster Linie festgestellt, wie ausgedehnt eine krankhafte Fl\u00fcssigkeitsansammlung zwischen beiden Rippenfellen ist. Beide Untersuchungsverfahren sind f\u00fcr die Patienten schmerzfrei.<\/p>\n","protected":false},"author":1,"featured_media":0,"parent":56,"menu_order":0,"comment_status":"closed","ping_status":"closed","template":"","meta":{"site-sidebar-layout":"default","site-content-layout":"default","ast-global-header-display":"","ast-main-header-display":"","ast-hfb-above-header-display":"","ast-hfb-below-header-display":"","ast-hfb-mobile-header-display":"","site-post-title":"","ast-breadcrumbs-content":"","ast-featured-img":"","footer-sml-layout":"","theme-transparent-header-meta":"","adv-header-id-meta":"","stick-header-meta":"","header-above-stick-meta":"","header-main-stick-meta":"","header-below-stick-meta":"","footnotes":""},"categories":[5],"tags":[],"class_list":["post-106","page","type-page","status-publish","hentry","category-leistungen"],"yoast_head":"<!-- This site is optimized with the Yoast SEO plugin v19.7.1 - https:\/\/yoast.com\/wordpress\/plugins\/seo\/ -->\n<title>R\u00f6ntgen und Ultraschall - Praxis Dr. med. J\u00fcrgen Schwiese<\/title>\n<meta name=\"robots\" content=\"index, follow, max-snippet:-1, max-image-preview:large, max-video-preview:-1\" \/>\n<link rel=\"canonical\" href=\"http:\/\/www.praxis-schwiese.de\/website\/leistungen\/roentgen-und-ultraschall\/\" \/>\n<meta property=\"og:locale\" content=\"de_DE\" \/>\n<meta property=\"og:type\" content=\"article\" \/>\n<meta property=\"og:title\" content=\"R\u00f6ntgen und Ultraschall - Praxis Dr. med. J\u00fcrgen Schwiese\" \/>\n<meta property=\"og:description\" content=\"Hier erfolgt eine bildliche Darstellung der Brustkorborgane speziell von Lunge und Herz. Mittels R\u00f6ntgen k\u00f6nnen zum Beispiel Lungenentz\u00fcndungen, Tumoren und \u201eVerh\u00e4rtungen\u201c des Lungengewebes wie sie z.B. bei Lungenfibrosen vorkommen, festgestellt werden. Mittels Ultraschall wird in erster Linie festgestellt, wie ausgedehnt eine krankhafte Fl\u00fcssigkeitsansammlung zwischen beiden Rippenfellen ist. Beide Untersuchungsverfahren sind f\u00fcr die Patienten schmerzfrei.\" \/>\n<meta property=\"og:url\" content=\"http:\/\/www.praxis-schwiese.de\/website\/leistungen\/roentgen-und-ultraschall\/\" \/>\n<meta property=\"og:site_name\" content=\"Praxis Dr. med. J\u00fcrgen Schwiese\" \/>\n<meta property=\"article:modified_time\" content=\"2019-10-05T16:37:24+00:00\" \/>\n<meta name=\"twitter:card\" content=\"summary_large_image\" \/>\n<script type=\"application\/ld+json\" class=\"yoast-schema-graph\">{\"@context\":\"https:\/\/schema.org\",\"@graph\":[{\"@type\":\"WebPage\",\"@id\":\"http:\/\/www.praxis-schwiese.de\/website\/leistungen\/roentgen-und-ultraschall\/\",\"url\":\"http:\/\/www.praxis-schwiese.de\/website\/leistungen\/roentgen-und-ultraschall\/\",\"name\":\"R\u00f6ntgen und Ultraschall - Praxis Dr. med. J\u00fcrgen Schwiese\",\"isPartOf\":{\"@id\":\"http:\/\/www.praxis-schwiese.de\/website\/#website\"},\"datePublished\":\"2018-05-24T14:28:57+00:00\",\"dateModified\":\"2019-10-05T16:37:24+00:00\",\"breadcrumb\":{\"@id\":\"http:\/\/www.praxis-schwiese.de\/website\/leistungen\/roentgen-und-ultraschall\/#breadcrumb\"},\"inLanguage\":\"de\",\"potentialAction\":[{\"@type\":\"ReadAction\",\"target\":[\"http:\/\/www.praxis-schwiese.de\/website\/leistungen\/roentgen-und-ultraschall\/\"]}]},{\"@type\":\"BreadcrumbList\",\"@id\":\"http:\/\/www.praxis-schwiese.de\/website\/leistungen\/roentgen-und-ultraschall\/#breadcrumb\",\"itemListElement\":[{\"@type\":\"ListItem\",\"position\":1,\"name\":\"Startseite\",\"item\":\"http:\/\/www.praxis-schwiese.de\/website\/\"},{\"@type\":\"ListItem\",\"position\":2,\"name\":\"Leistungen\",\"item\":\"http:\/\/www.praxis-schwiese.de\/website\/leistungen\/\"},{\"@type\":\"ListItem\",\"position\":3,\"name\":\"R\u00f6ntgen und Ultraschall\"}]},{\"@type\":\"WebSite\",\"@id\":\"http:\/\/www.praxis-schwiese.de\/website\/#website\",\"url\":\"http:\/\/www.praxis-schwiese.de\/website\/\",\"name\":\"Praxis Dr. med. J\u00fcrgen Schwiese\",\"description\":\"Facharztpraxis f\u00fcr Innere Medizin, Lungen- und Bronchialheilkunde, Allergologie\",\"publisher\":{\"@id\":\"http:\/\/www.praxis-schwiese.de\/website\/#organization\"},\"potentialAction\":[{\"@type\":\"SearchAction\",\"target\":{\"@type\":\"EntryPoint\",\"urlTemplate\":\"http:\/\/www.praxis-schwiese.de\/website\/?s={search_term_string}\"},\"query-input\":\"required name=search_term_string\"}],\"inLanguage\":\"de\"},{\"@type\":\"Organization\",\"@id\":\"http:\/\/www.praxis-schwiese.de\/website\/#organization\",\"name\":\"Praxis Dr. J\u00fcrgen Schwiese\",\"url\":\"http:\/\/www.praxis-schwiese.de\/website\/\",\"sameAs\":[],\"logo\":{\"@type\":\"ImageObject\",\"inLanguage\":\"de\",\"@id\":\"http:\/\/www.praxis-schwiese.de\/website\/#\/schema\/logo\/image\/\",\"url\":\"http:\/\/www.praxis-schwiese.de\/website\/wp-content\/uploads\/2019\/10\/header_250-1.png\",\"contentUrl\":\"http:\/\/www.praxis-schwiese.de\/website\/wp-content\/uploads\/2019\/10\/header_250-1.png\",\"width\":275,\"height\":91,\"caption\":\"Praxis Dr. J\u00fcrgen Schwiese\"},\"image\":{\"@id\":\"http:\/\/www.praxis-schwiese.de\/website\/#\/schema\/logo\/image\/\"}}]}<\/script>\n<!-- \/ Yoast SEO plugin. -->","yoast_head_json":{"title":"R\u00f6ntgen und Ultraschall - Praxis Dr. med. J\u00fcrgen Schwiese","robots":{"index":"index","follow":"follow","max-snippet":"max-snippet:-1","max-image-preview":"max-image-preview:large","max-video-preview":"max-video-preview:-1"},"canonical":"http:\/\/www.praxis-schwiese.de\/website\/leistungen\/roentgen-und-ultraschall\/","og_locale":"de_DE","og_type":"article","og_title":"R\u00f6ntgen und Ultraschall - Praxis Dr. med. J\u00fcrgen Schwiese","og_description":"Hier erfolgt eine bildliche Darstellung der Brustkorborgane speziell von Lunge und Herz. Mittels R\u00f6ntgen k\u00f6nnen zum Beispiel Lungenentz\u00fcndungen, Tumoren und \u201eVerh\u00e4rtungen\u201c des Lungengewebes wie sie z.B. bei Lungenfibrosen vorkommen, festgestellt werden. Mittels Ultraschall wird in erster Linie festgestellt, wie ausgedehnt eine krankhafte Fl\u00fcssigkeitsansammlung zwischen beiden Rippenfellen ist. Beide Untersuchungsverfahren sind f\u00fcr die Patienten schmerzfrei.","og_url":"http:\/\/www.praxis-schwiese.de\/website\/leistungen\/roentgen-und-ultraschall\/","og_site_name":"Praxis Dr. med. J\u00fcrgen Schwiese","article_modified_time":"2019-10-05T16:37:24+00:00","twitter_card":"summary_large_image","schema":{"@context":"https:\/\/schema.org","@graph":[{"@type":"WebPage","@id":"http:\/\/www.praxis-schwiese.de\/website\/leistungen\/roentgen-und-ultraschall\/","url":"http:\/\/www.praxis-schwiese.de\/website\/leistungen\/roentgen-und-ultraschall\/","name":"R\u00f6ntgen und Ultraschall - Praxis Dr. med. J\u00fcrgen Schwiese","isPartOf":{"@id":"http:\/\/www.praxis-schwiese.de\/website\/#website"},"datePublished":"2018-05-24T14:28:57+00:00","dateModified":"2019-10-05T16:37:24+00:00","breadcrumb":{"@id":"http:\/\/www.praxis-schwiese.de\/website\/leistungen\/roentgen-und-ultraschall\/#breadcrumb"},"inLanguage":"de","potentialAction":[{"@type":"ReadAction","target":["http:\/\/www.praxis-schwiese.de\/website\/leistungen\/roentgen-und-ultraschall\/"]}]},{"@type":"BreadcrumbList","@id":"http:\/\/www.praxis-schwiese.de\/website\/leistungen\/roentgen-und-ultraschall\/#breadcrumb","itemListElement":[{"@type":"ListItem","position":1,"name":"Startseite","item":"http:\/\/www.praxis-schwiese.de\/website\/"},{"@type":"ListItem","position":2,"name":"Leistungen","item":"http:\/\/www.praxis-schwiese.de\/website\/leistungen\/"},{"@type":"ListItem","position":3,"name":"R\u00f6ntgen und Ultraschall"}]},{"@type":"WebSite","@id":"http:\/\/www.praxis-schwiese.de\/website\/#website","url":"http:\/\/www.praxis-schwiese.de\/website\/","name":"Praxis Dr. med. J\u00fcrgen Schwiese","description":"Facharztpraxis f\u00fcr Innere Medizin, Lungen- und Bronchialheilkunde, Allergologie","publisher":{"@id":"http:\/\/www.praxis-schwiese.de\/website\/#organization"},"potentialAction":[{"@type":"SearchAction","target":{"@type":"EntryPoint","urlTemplate":"http:\/\/www.praxis-schwiese.de\/website\/?s={search_term_string}"},"query-input":"required name=search_term_string"}],"inLanguage":"de"},{"@type":"Organization","@id":"http:\/\/www.praxis-schwiese.de\/website\/#organization","name":"Praxis Dr. J\u00fcrgen Schwiese","url":"http:\/\/www.praxis-schwiese.de\/website\/","sameAs":[],"logo":{"@type":"ImageObject","inLanguage":"de","@id":"http:\/\/www.praxis-schwiese.de\/website\/#\/schema\/logo\/image\/","url":"http:\/\/www.praxis-schwiese.de\/website\/wp-content\/uploads\/2019\/10\/header_250-1.png","contentUrl":"http:\/\/www.praxis-schwiese.de\/website\/wp-content\/uploads\/2019\/10\/header_250-1.png","width":275,"height":91,"caption":"Praxis Dr. J\u00fcrgen Schwiese"},"image":{"@id":"http:\/\/www.praxis-schwiese.de\/website\/#\/schema\/logo\/image\/"}}]}},"uagb_featured_image_src":{"full":false,"thumbnail":false,"medium":false,"medium_large":false,"large":false,"1536x1536":false,"2048x2048":false},"uagb_author_info":{"display_name":"rolfwin","author_link":"http:\/\/www.praxis-schwiese.de\/website\/author\/rolfwin\/"},"uagb_comment_info":0,"uagb_excerpt":"Hier erfolgt eine bildliche Darstellung der Brustkorborgane speziell von Lunge und Herz. Mittels R\u00f6ntgen k\u00f6nnen zum Beispiel Lungenentz\u00fcndungen, Tumoren und \u201eVerh\u00e4rtungen\u201c des Lungengewebes wie sie z.B. bei Lungenfibrosen vorkommen, festgestellt werden. Mittels Ultraschall wird in erster Linie festgestellt, wie ausgedehnt eine krankhafte Fl\u00fcssigkeitsansammlung zwischen beiden Rippenfellen ist. Beide Untersuchungsverfahren sind f\u00fcr die Patienten schmerzfrei.","_links":{"self":[{"href":"http:\/\/www.praxis-schwiese.de\/website\/wp-json\/wp\/v2\/pages\/106","targetHints":{"allow":["GET"]}}],"collection":[{"href":"http:\/\/www.praxis-schwiese.de\/website\/wp-json\/wp\/v2\/pages"}],"about":[{"href":"http:\/\/www.praxis-schwiese.de\/website\/wp-json\/wp\/v2\/types\/page"}],"author":[{"embeddable":true,"href":"http:\/\/www.praxis-schwiese.de\/website\/wp-json\/wp\/v2\/users\/1"}],"replies":[{"embeddable":true,"href":"http:\/\/www.praxis-schwiese.de\/website\/wp-json\/wp\/v2\/comments?post=106"}],"version-history":[{"count":1,"href":"http:\/\/www.praxis-schwiese.de\/website\/wp-json\/wp\/v2\/pages\/106\/revisions"}],"predecessor-version":[{"id":107,"href":"http:\/\/www.praxis-schwiese.de\/website\/wp-json\/wp\/v2\/pages\/106\/revisions\/107"}],"up":[{"embeddable":true,"href":"http:\/\/www.praxis-schwiese.de\/website\/wp-json\/wp\/v2\/pages\/56"}],"wp:attachment":[{"href":"http:\/\/www.praxis-schwiese.de\/website\/wp-json\/wp\/v2\/media?parent=106"}],"wp:term":[{"taxonomy":"category","embeddable":true,"href":"http:\/\/www.praxis-schwiese.de\/website\/wp-json\/wp\/v2\/categories?post=106"},{"taxonomy":"post_tag","embeddable":true,"href":"http:\/\/www.praxis-schwiese.de\/website\/wp-json\/wp\/v2\/tags?post=106"}],"curies":[{"name":"wp","href":"https:\/\/api.w.org\/{rel}","templated":true}]}}